{"id":661,"date":"2026-03-13T10:59:12","date_gmt":"2026-03-13T10:59:12","guid":{"rendered":"https:\/\/crsystem.ee\/?post_type=product&#038;p=661"},"modified":"2026-03-26T12:27:08","modified_gmt":"2026-03-26T12:27:08","slug":"pollar-1000-roostevaba-poleeritud-betoneeritav-i-metallist-kaitsepollar-i-cr-system","status":"publish","type":"product","link":"https:\/\/crsystem.ee\/en\/product\/pollar-1000-roostevaba-poleeritud-betoneeritav-i-metallist-kaitsepollar-i-cr-system\/","title":{"rendered":"Bollard 1000 \u2013 stainless steel, polished, ready for concrete"},"content":{"rendered":"<p><strong>Usage:<\/strong><br \/>\nRoostevaba ja poleeritud betoneeritav pollar on m\u00f5eldud paigaldamiseks usteavade ette, et kaitsta uksi ja hoone fassaadi s\u00f5idukite v\u00f5imalike kokkup\u00f5rgete eest. Sobib h\u00e4sti n\u00e4htavatesse kohtadesse, kus on oluline nii kaitse kui ka esteetiline v\u00e4limus.<\/p>\n<p><strong>Paigaldus:<\/strong><br \/>\nPollar paigaldatakse betoneerimise teel maapinda, tagades tugeva ja stabiilse kinnituse. Maasse uputatav osa on 500 mm.<\/p>\n<p><strong>M\u00f5\u00f5dud<\/strong>:<br \/>\nMaapinnast k\u00f5rgus: 1000 mm<br \/>\nMaasse betoneeritav osa: 500 mm<\/p>\n<p><strong>Sobib:<\/strong><br \/>\nLaod, t\u00f6\u00f6stushooned, kaubanduspinnad ning muud sissep\u00e4\u00e4sud ja usteavad, kus on vajalik usaldusv\u00e4\u00e4rne kaitse.<\/p>","protected":false},"excerpt":{"rendered":"<p>Roostevabast ja poleeritud terasest betoneeritav pollar usteavade ja sissep\u00e4\u00e4sude kaitseks. Vastupidav korrosioonile ning sobib kasutamiseks nii t\u00f6\u00f6stus- kui ka kaubanduskeskkonnas.<\/p>","protected":false},"featured_media":662,"comment_status":"open","ping_status":"closed","template":"","meta":{"iawp_total_views":3},"product_brand":[],"product_cat":[19],"product_tag":[21,20],"class_list":{"0":"post-661","1":"product","2":"type-product","3":"status-publish","4":"has-post-thumbnail","6":"product_cat-pollarid","7":"product_tag-pollar","8":"product_tag-pollarid","10":"first","11":"instock","12":"taxable","13":"shipping-taxable","14":"purchasable","15":"product-type-simple"},"yoast_head":"<!-- This site is optimized with the Yoast SEO plugin v27.5 - https:\/\/yoast.com\/product\/yoast-seo-wordpress\/ -->\n<title>Pollar 1000 - roostevaba, poleeritud, betoneeritav - CR System O&Uuml;<\/title>\n<meta name=\"description\" content=\"Roostevaba ja poleeritud betoneeritav pollar on m\u00f5eldud, et kaitsta uksi ja hoone fassaadi s\u00f5idukite v\u00f5imalike kokkup\u00f5rgete eest.\" \/>\n<meta name=\"robots\" content=\"index, follow, max-snippet:-1, max-image-preview:large, max-video-preview:-1\" \/>\n<link rel=\"canonical\" href=\"https:\/\/crsystem.ee\/en\/product\/pollar-1000-roostevaba-poleeritud-betoneeritav-i-metallist-kaitsepollar-i-cr-system\/\" \/>\n<meta property=\"og:locale\" content=\"en_GB\" \/>\n<meta property=\"og:type\" content=\"article\" \/>\n<meta property=\"og:title\" content=\"Pollar 1000 - roostevaba, poleeritud, betoneeritav - CR System O&Uuml;\" \/>\n<meta property=\"og:description\" content=\"Roostevaba ja poleeritud betoneeritav pollar on m\u00f5eldud, et kaitsta uksi ja hoone fassaadi s\u00f5idukite v\u00f5imalike kokkup\u00f5rgete eest.\" \/>\n<meta property=\"og:url\" content=\"https:\/\/crsystem.ee\/en\/product\/pollar-1000-roostevaba-poleeritud-betoneeritav-i-metallist-kaitsepollar-i-cr-system\/\" \/>\n<meta property=\"og:site_name\" content=\"CR System O&Uuml;\" \/>\n<meta property=\"article:modified_time\" content=\"2026-03-26T12:27:08+00:00\" \/>\n<meta property=\"og:image\" content=\"https:\/\/crsystem.ee\/wp-content\/uploads\/2026\/03\/CR-System-Pollar-1561000-scaled.png\" \/>\n\t<meta property=\"og:image:width\" content=\"1920\" \/>\n\t<meta property=\"og:image:height\" content=\"2560\" \/>\n\t<meta property=\"og:image:type\" content=\"image\/png\" \/>\n<meta name=\"twitter:card\" content=\"summary_large_image\" \/>\n<meta name=\"twitter:label1\" content=\"Estimated reading time\" \/>\n\t<meta name=\"twitter:data1\" content=\"1 minute\" \/>\n<script type=\"application\/ld+json\" class=\"yoast-schema-graph\">{\"@context\":\"https:\\\/\\\/schema.org\",\"@graph\":[{\"@type\":\"WebPage\",\"@id\":\"https:\\\/\\\/crsystem.ee\\\/toode\\\/pollar-1000-roostevaba-poleeritud-betoneeritav-i-metallist-kaitsepollar-i-cr-system\\\/\",\"url\":\"https:\\\/\\\/crsystem.ee\\\/toode\\\/pollar-1000-roostevaba-poleeritud-betoneeritav-i-metallist-kaitsepollar-i-cr-system\\\/\",\"name\":\"Pollar 1000 - roostevaba, poleeritud, betoneeritav - CR System O&Uuml;\",\"isPartOf\":{\"@id\":\"https:\\\/\\\/crsystem.ee\\\/#website\"},\"primaryImageOfPage\":{\"@id\":\"https:\\\/\\\/crsystem.ee\\\/toode\\\/pollar-1000-roostevaba-poleeritud-betoneeritav-i-metallist-kaitsepollar-i-cr-system\\\/#primaryimage\"},\"image\":{\"@id\":\"https:\\\/\\\/crsystem.ee\\\/toode\\\/pollar-1000-roostevaba-poleeritud-betoneeritav-i-metallist-kaitsepollar-i-cr-system\\\/#primaryimage\"},\"thumbnailUrl\":\"https:\\\/\\\/crsystem.ee\\\/wp-content\\\/uploads\\\/2026\\\/03\\\/CR-System-Pollar-1561000-scaled.png\",\"datePublished\":\"2026-03-13T10:59:12+00:00\",\"dateModified\":\"2026-03-26T12:27:08+00:00\",\"description\":\"Roostevaba ja poleeritud betoneeritav pollar on m\u00f5eldud, et kaitsta uksi ja hoone fassaadi s\u00f5idukite v\u00f5imalike kokkup\u00f5rgete eest.\",\"breadcrumb\":{\"@id\":\"https:\\\/\\\/crsystem.ee\\\/toode\\\/pollar-1000-roostevaba-poleeritud-betoneeritav-i-metallist-kaitsepollar-i-cr-system\\\/#breadcrumb\"},\"inLanguage\":\"en-GB\",\"potentialAction\":[{\"@type\":\"ReadAction\",\"target\":[\"https:\\\/\\\/crsystem.ee\\\/toode\\\/pollar-1000-roostevaba-poleeritud-betoneeritav-i-metallist-kaitsepollar-i-cr-system\\\/\"]}]},{\"@type\":\"ImageObject\",\"inLanguage\":\"en-GB\",\"@id\":\"https:\\\/\\\/crsystem.ee\\\/toode\\\/pollar-1000-roostevaba-poleeritud-betoneeritav-i-metallist-kaitsepollar-i-cr-system\\\/#primaryimage\",\"url\":\"https:\\\/\\\/crsystem.ee\\\/wp-content\\\/uploads\\\/2026\\\/03\\\/CR-System-Pollar-1561000-scaled.png\",\"contentUrl\":\"https:\\\/\\\/crsystem.ee\\\/wp-content\\\/uploads\\\/2026\\\/03\\\/CR-System-Pollar-1561000-scaled.png\",\"width\":1920,\"height\":2560,\"caption\":\"CR System-Pollar-1561000\"},{\"@type\":\"BreadcrumbList\",\"@id\":\"https:\\\/\\\/crsystem.ee\\\/toode\\\/pollar-1000-roostevaba-poleeritud-betoneeritav-i-metallist-kaitsepollar-i-cr-system\\\/#breadcrumb\",\"itemListElement\":[{\"@type\":\"ListItem\",\"position\":1,\"name\":\"Home\",\"item\":\"https:\\\/\\\/crsystem.ee\\\/\"},{\"@type\":\"ListItem\",\"position\":2,\"name\":\"Pood\",\"item\":\"https:\\\/\\\/crsystem.ee\\\/pood\\\/\"},{\"@type\":\"ListItem\",\"position\":3,\"name\":\"Pollar 1000 &#8211; roostevaba, poleeritud, betoneeritav\"}]},{\"@type\":\"WebSite\",\"@id\":\"https:\\\/\\\/crsystem.ee\\\/#website\",\"url\":\"https:\\\/\\\/crsystem.ee\\\/\",\"name\":\"CR System O\u00dc\",\"description\":\"CR System - Teie usaldusv\u00e4\u00e4rne partner\",\"publisher\":{\"@id\":\"https:\\\/\\\/crsystem.ee\\\/#organization\"},\"potentialAction\":[{\"@type\":\"SearchAction\",\"target\":{\"@type\":\"EntryPoint\",\"urlTemplate\":\"https:\\\/\\\/crsystem.ee\\\/?s={search_term_string}\"},\"query-input\":{\"@type\":\"PropertyValueSpecification\",\"valueRequired\":true,\"valueName\":\"search_term_string\"}}],\"inLanguage\":\"en-GB\"},{\"@type\":\"Organization\",\"@id\":\"https:\\\/\\\/crsystem.ee\\\/#organization\",\"name\":\"CR System O\u00dc\",\"url\":\"https:\\\/\\\/crsystem.ee\\\/\",\"logo\":{\"@type\":\"ImageObject\",\"inLanguage\":\"en-GB\",\"@id\":\"https:\\\/\\\/crsystem.ee\\\/#\\\/schema\\\/logo\\\/image\\\/\",\"url\":\"https:\\\/\\\/crsystem.ee\\\/wp-content\\\/uploads\\\/2022\\\/05\\\/CR-System-logo-01.png\",\"contentUrl\":\"https:\\\/\\\/crsystem.ee\\\/wp-content\\\/uploads\\\/2022\\\/05\\\/CR-System-logo-01.png\",\"width\":2084,\"height\":753,\"caption\":\"CR System O\u00dc\"},\"image\":{\"@id\":\"https:\\\/\\\/crsystem.ee\\\/#\\\/schema\\\/logo\\\/image\\\/\"}}]}<\/script>\n<!-- \/ Yoast SEO plugin. -->","yoast_head_json":{"title":"Pollar 1000 - roostevaba, poleeritud, betoneeritav - CR System O&Uuml;","description":"Roostevaba ja poleeritud betoneeritav pollar on m\u00f5eldud, et kaitsta uksi ja hoone fassaadi s\u00f5idukite v\u00f5imalike kokkup\u00f5rgete eest.","robots":{"index":"index","follow":"follow","max-snippet":"max-snippet:-1","max-image-preview":"max-image-preview:large","max-video-preview":"max-video-preview:-1"},"canonical":"https:\/\/crsystem.ee\/en\/product\/pollar-1000-roostevaba-poleeritud-betoneeritav-i-metallist-kaitsepollar-i-cr-system\/","og_locale":"en_GB","og_type":"article","og_title":"Pollar 1000 - roostevaba, poleeritud, betoneeritav - CR System O&Uuml;","og_description":"Roostevaba ja poleeritud betoneeritav pollar on m\u00f5eldud, et kaitsta uksi ja hoone fassaadi s\u00f5idukite v\u00f5imalike kokkup\u00f5rgete eest.","og_url":"https:\/\/crsystem.ee\/en\/product\/pollar-1000-roostevaba-poleeritud-betoneeritav-i-metallist-kaitsepollar-i-cr-system\/","og_site_name":"CR System O&Uuml;","article_modified_time":"2026-03-26T12:27:08+00:00","og_image":[{"width":1920,"height":2560,"url":"https:\/\/crsystem.ee\/wp-content\/uploads\/2026\/03\/CR-System-Pollar-1561000-scaled.png","type":"image\/png"}],"twitter_card":"summary_large_image","twitter_misc":{"Estimated reading time":"1 minute"},"schema":{"@context":"https:\/\/schema.org","@graph":[{"@type":"WebPage","@id":"https:\/\/crsystem.ee\/toode\/pollar-1000-roostevaba-poleeritud-betoneeritav-i-metallist-kaitsepollar-i-cr-system\/","url":"https:\/\/crsystem.ee\/toode\/pollar-1000-roostevaba-poleeritud-betoneeritav-i-metallist-kaitsepollar-i-cr-system\/","name":"Pollar 1000 - roostevaba, poleeritud, betoneeritav - CR System O&Uuml;","isPartOf":{"@id":"https:\/\/crsystem.ee\/#website"},"primaryImageOfPage":{"@id":"https:\/\/crsystem.ee\/toode\/pollar-1000-roostevaba-poleeritud-betoneeritav-i-metallist-kaitsepollar-i-cr-system\/#primaryimage"},"image":{"@id":"https:\/\/crsystem.ee\/toode\/pollar-1000-roostevaba-poleeritud-betoneeritav-i-metallist-kaitsepollar-i-cr-system\/#primaryimage"},"thumbnailUrl":"https:\/\/crsystem.ee\/wp-content\/uploads\/2026\/03\/CR-System-Pollar-1561000-scaled.png","datePublished":"2026-03-13T10:59:12+00:00","dateModified":"2026-03-26T12:27:08+00:00","description":"Roostevaba ja poleeritud betoneeritav pollar on m\u00f5eldud, et kaitsta uksi ja hoone fassaadi s\u00f5idukite v\u00f5imalike kokkup\u00f5rgete eest.","breadcrumb":{"@id":"https:\/\/crsystem.ee\/toode\/pollar-1000-roostevaba-poleeritud-betoneeritav-i-metallist-kaitsepollar-i-cr-system\/#breadcrumb"},"inLanguage":"en-GB","potentialAction":[{"@type":"ReadAction","target":["https:\/\/crsystem.ee\/toode\/pollar-1000-roostevaba-poleeritud-betoneeritav-i-metallist-kaitsepollar-i-cr-system\/"]}]},{"@type":"ImageObject","inLanguage":"en-GB","@id":"https:\/\/crsystem.ee\/toode\/pollar-1000-roostevaba-poleeritud-betoneeritav-i-metallist-kaitsepollar-i-cr-system\/#primaryimage","url":"https:\/\/crsystem.ee\/wp-content\/uploads\/2026\/03\/CR-System-Pollar-1561000-scaled.png","contentUrl":"https:\/\/crsystem.ee\/wp-content\/uploads\/2026\/03\/CR-System-Pollar-1561000-scaled.png","width":1920,"height":2560,"caption":"CR System-Pollar-1561000"},{"@type":"BreadcrumbList","@id":"https:\/\/crsystem.ee\/toode\/pollar-1000-roostevaba-poleeritud-betoneeritav-i-metallist-kaitsepollar-i-cr-system\/#breadcrumb","itemListElement":[{"@type":"ListItem","position":1,"name":"Home","item":"https:\/\/crsystem.ee\/"},{"@type":"ListItem","position":2,"name":"Pood","item":"https:\/\/crsystem.ee\/pood\/"},{"@type":"ListItem","position":3,"name":"Pollar 1000 &#8211; roostevaba, poleeritud, betoneeritav"}]},{"@type":"WebSite","@id":"https:\/\/crsystem.ee\/#website","url":"https:\/\/crsystem.ee\/","name":"CR System O\u00dc","description":"CR System - Teie usaldusv\u00e4\u00e4rne partner","publisher":{"@id":"https:\/\/crsystem.ee\/#organization"},"potentialAction":[{"@type":"SearchAction","target":{"@type":"EntryPoint","urlTemplate":"https:\/\/crsystem.ee\/?s={search_term_string}"},"query-input":{"@type":"PropertyValueSpecification","valueRequired":true,"valueName":"search_term_string"}}],"inLanguage":"en-GB"},{"@type":"Organization","@id":"https:\/\/crsystem.ee\/#organization","name":"CR System O\u00dc","url":"https:\/\/crsystem.ee\/","logo":{"@type":"ImageObject","inLanguage":"en-GB","@id":"https:\/\/crsystem.ee\/#\/schema\/logo\/image\/","url":"https:\/\/crsystem.ee\/wp-content\/uploads\/2022\/05\/CR-System-logo-01.png","contentUrl":"https:\/\/crsystem.ee\/wp-content\/uploads\/2022\/05\/CR-System-logo-01.png","width":2084,"height":753,"caption":"CR System O\u00dc"},"image":{"@id":"https:\/\/crsystem.ee\/#\/schema\/logo\/image\/"}}]}},"jetpack_sharing_enabled":true,"_links":{"self":[{"href":"https:\/\/crsystem.ee\/en\/wp-json\/wp\/v2\/product\/661","targetHints":{"allow":["GET"]}}],"collection":[{"href":"https:\/\/crsystem.ee\/en\/wp-json\/wp\/v2\/product"}],"about":[{"href":"https:\/\/crsystem.ee\/en\/wp-json\/wp\/v2\/types\/product"}],"replies":[{"embeddable":true,"href":"https:\/\/crsystem.ee\/en\/wp-json\/wp\/v2\/comments?post=661"}],"wp:featuredmedia":[{"embeddable":true,"href":"https:\/\/crsystem.ee\/en\/wp-json\/wp\/v2\/media\/662"}],"wp:attachment":[{"href":"https:\/\/crsystem.ee\/en\/wp-json\/wp\/v2\/media?parent=661"}],"wp:term":[{"taxonomy":"product_brand","embeddable":true,"href":"https:\/\/crsystem.ee\/en\/wp-json\/wp\/v2\/product_brand?post=661"},{"taxonomy":"product_cat","embeddable":true,"href":"https:\/\/crsystem.ee\/en\/wp-json\/wp\/v2\/product_cat?post=661"},{"taxonomy":"product_tag","embeddable":true,"href":"https:\/\/crsystem.ee\/en\/wp-json\/wp\/v2\/product_tag?post=661"}],"curies":[{"name":"wp","href":"https:\/\/api.w.org\/{rel}","templated":true}]}}