{"id":658,"date":"2026-03-13T09:54:14","date_gmt":"2026-03-13T09:54:14","guid":{"rendered":"https:\/\/crsystem.ee\/?post_type=product&#038;p=658"},"modified":"2026-03-26T12:44:14","modified_gmt":"2026-03-26T12:44:14","slug":"pollar-300300-roostevaba-poleeritud-betoneeritav-i-metallist-kaitsepollar-i-cr-system","status":"publish","type":"product","link":"https:\/\/crsystem.ee\/en\/product\/pollar-300300-roostevaba-poleeritud-betoneeritav-i-metallist-kaitsepollar-i-cr-system\/","title":{"rendered":"Bollard 300+300 \u2013 stainless steel, polished, concreteable"},"content":{"rendered":"<p>Roostevaba ja poleeritud betoneeritav pollar on m\u00f5eldud paigaldamiseks usteavade ette, et kaitsta ust ja hoone fassaadi s\u00f5idukite v\u00f5imalike kokkup\u00f5rgete eest.<\/p>\n<p data-start=\"188\" data-end=\"457\">Pollar paigaldatakse betoneerimise teel maapinda, tagades tugeva ja stabiilse kinnituse. Maasse uputatav osa on 300 mm.<\/p>\n<p data-start=\"459\" data-end=\"593\">Sobib kasutamiseks ladudes, t\u00f6\u00f6stushoonetes, kaubanduspindadel ning teistes kohtades, kus on vajalik usteavade ja sissep\u00e4\u00e4sude kaitse.<\/p>\n<p>Hind 260\u20ac+km<\/p>","protected":false},"excerpt":{"rendered":"<p>Roostevabast ja poleeritud terasest betoneeritav pollar usteavade ja sissep\u00e4\u00e4sude kaitseks. Vastupidav korrosioonile ning sobib kasutamiseks nii t\u00f6\u00f6stus- kui ka kaubanduskeskkonnas.<\/p>\n<p><strong>Usage:<\/strong><br \/>\nRoostevaba ja poleeritud betoneeritav pollar on m\u00f5eldud paigaldamiseks usteavade ette, et kaitsta uksi ja hoone fassaadi s\u00f5idukite v\u00f5imalike kokkup\u00f5rgete eest. Sobib h\u00e4sti n\u00e4htavatesse kohtadesse, kus on oluline nii kaitse kui ka esteetiline v\u00e4limus.<\/p>\n<p><strong>Paigaldus:<\/strong><br \/>\nPollar paigaldatakse betoneerimise teel maapinda, tagades tugeva ja stabiilse kinnituse. Maasse uputatav osa on 300 mm.&lt;br&gt;&lt;br&gt;<\/p>\n<p><strong>Sobib:<\/strong><br \/>\nLaod, t\u00f6\u00f6stushooned, kaubanduspinnad ning muud sissep\u00e4\u00e4sud ja usteavad, kus on vajalik usaldusv\u00e4\u00e4rne kaitse.<\/p>","protected":false},"featured_media":653,"comment_status":"open","ping_status":"closed","template":"","meta":{"iawp_total_views":1},"product_brand":[],"product_cat":[19],"product_tag":[21,20],"class_list":{"0":"post-658","1":"product","2":"type-product","3":"status-publish","4":"has-post-thumbnail","6":"product_cat-pollarid","7":"product_tag-pollar","8":"product_tag-pollarid","10":"first","11":"instock","12":"taxable","13":"shipping-taxable","14":"purchasable","15":"product-type-simple"},"yoast_head":"<!-- This site is optimized with the Yoast SEO plugin v27.5 - https:\/\/yoast.com\/product\/yoast-seo-wordpress\/ -->\n<title>Pollar 300+300 - roostevaba, poleeritud, betoneeritav - CR System O&Uuml;<\/title>\n<meta name=\"description\" content=\"Roostevaba ja betoneeritav pollar 300+300 on m\u00f5eldud paigaldamiseks usteavade ette, et kaitsta ust v\u00f5imalike s\u00f5idukite kokkup\u00f5rgete eest.\" \/>\n<meta name=\"robots\" content=\"index, follow, max-snippet:-1, max-image-preview:large, max-video-preview:-1\" \/>\n<link rel=\"canonical\" href=\"https:\/\/crsystem.ee\/en\/product\/pollar-300300-roostevaba-poleeritud-betoneeritav-i-metallist-kaitsepollar-i-cr-system\/\" \/>\n<meta property=\"og:locale\" content=\"en_GB\" \/>\n<meta property=\"og:type\" content=\"article\" \/>\n<meta property=\"og:title\" content=\"Pollar 300+300 - roostevaba, poleeritud, betoneeritav - CR System O&Uuml;\" \/>\n<meta property=\"og:description\" content=\"Roostevaba ja betoneeritav pollar 300+300 on m\u00f5eldud paigaldamiseks usteavade ette, et kaitsta ust v\u00f5imalike s\u00f5idukite kokkup\u00f5rgete eest.\" \/>\n<meta property=\"og:url\" content=\"https:\/\/crsystem.ee\/en\/product\/pollar-300300-roostevaba-poleeritud-betoneeritav-i-metallist-kaitsepollar-i-cr-system\/\" \/>\n<meta property=\"og:site_name\" content=\"CR System O&Uuml;\" \/>\n<meta property=\"article:modified_time\" content=\"2026-03-26T12:44:14+00:00\" \/>\n<meta property=\"og:image\" content=\"https:\/\/crsystem.ee\/wp-content\/uploads\/2026\/03\/CR-System-Pollar-3-1-scaled.png\" \/>\n\t<meta property=\"og:image:width\" content=\"1920\" \/>\n\t<meta property=\"og:image:height\" content=\"2560\" \/>\n\t<meta property=\"og:image:type\" content=\"image\/png\" \/>\n<meta name=\"twitter:card\" content=\"summary_large_image\" \/>\n<meta name=\"twitter:label1\" content=\"Estimated reading time\" \/>\n\t<meta name=\"twitter:data1\" content=\"1 minute\" \/>\n<script type=\"application\/ld+json\" class=\"yoast-schema-graph\">{\"@context\":\"https:\\\/\\\/schema.org\",\"@graph\":[{\"@type\":\"WebPage\",\"@id\":\"https:\\\/\\\/crsystem.ee\\\/toode\\\/pollar-300300-roostevaba-poleeritud-betoneeritav-i-metallist-kaitsepollar-i-cr-system\\\/\",\"url\":\"https:\\\/\\\/crsystem.ee\\\/toode\\\/pollar-300300-roostevaba-poleeritud-betoneeritav-i-metallist-kaitsepollar-i-cr-system\\\/\",\"name\":\"Pollar 300+300 - roostevaba, poleeritud, betoneeritav - CR System O&Uuml;\",\"isPartOf\":{\"@id\":\"https:\\\/\\\/crsystem.ee\\\/#website\"},\"primaryImageOfPage\":{\"@id\":\"https:\\\/\\\/crsystem.ee\\\/toode\\\/pollar-300300-roostevaba-poleeritud-betoneeritav-i-metallist-kaitsepollar-i-cr-system\\\/#primaryimage\"},\"image\":{\"@id\":\"https:\\\/\\\/crsystem.ee\\\/toode\\\/pollar-300300-roostevaba-poleeritud-betoneeritav-i-metallist-kaitsepollar-i-cr-system\\\/#primaryimage\"},\"thumbnailUrl\":\"https:\\\/\\\/crsystem.ee\\\/wp-content\\\/uploads\\\/2026\\\/03\\\/CR-System-Pollar-3-1-scaled.png\",\"datePublished\":\"2026-03-13T09:54:14+00:00\",\"dateModified\":\"2026-03-26T12:44:14+00:00\",\"description\":\"Roostevaba ja betoneeritav pollar 300+300 on m\u00f5eldud paigaldamiseks usteavade ette, et kaitsta ust v\u00f5imalike s\u00f5idukite kokkup\u00f5rgete eest.\",\"breadcrumb\":{\"@id\":\"https:\\\/\\\/crsystem.ee\\\/toode\\\/pollar-300300-roostevaba-poleeritud-betoneeritav-i-metallist-kaitsepollar-i-cr-system\\\/#breadcrumb\"},\"inLanguage\":\"en-GB\",\"potentialAction\":[{\"@type\":\"ReadAction\",\"target\":[\"https:\\\/\\\/crsystem.ee\\\/toode\\\/pollar-300300-roostevaba-poleeritud-betoneeritav-i-metallist-kaitsepollar-i-cr-system\\\/\"]}]},{\"@type\":\"ImageObject\",\"inLanguage\":\"en-GB\",\"@id\":\"https:\\\/\\\/crsystem.ee\\\/toode\\\/pollar-300300-roostevaba-poleeritud-betoneeritav-i-metallist-kaitsepollar-i-cr-system\\\/#primaryimage\",\"url\":\"https:\\\/\\\/crsystem.ee\\\/wp-content\\\/uploads\\\/2026\\\/03\\\/CR-System-Pollar-3-1-scaled.png\",\"contentUrl\":\"https:\\\/\\\/crsystem.ee\\\/wp-content\\\/uploads\\\/2026\\\/03\\\/CR-System-Pollar-3-1-scaled.png\",\"width\":1920,\"height\":2560,\"caption\":\"Pollar roostevaba ja poleeritud, betoneeritav\"},{\"@type\":\"BreadcrumbList\",\"@id\":\"https:\\\/\\\/crsystem.ee\\\/toode\\\/pollar-300300-roostevaba-poleeritud-betoneeritav-i-metallist-kaitsepollar-i-cr-system\\\/#breadcrumb\",\"itemListElement\":[{\"@type\":\"ListItem\",\"position\":1,\"name\":\"Home\",\"item\":\"https:\\\/\\\/crsystem.ee\\\/\"},{\"@type\":\"ListItem\",\"position\":2,\"name\":\"Pood\",\"item\":\"https:\\\/\\\/crsystem.ee\\\/pood\\\/\"},{\"@type\":\"ListItem\",\"position\":3,\"name\":\"Pollar 300+300 &#8211; roostevaba, poleeritud, betoneeritav\"}]},{\"@type\":\"WebSite\",\"@id\":\"https:\\\/\\\/crsystem.ee\\\/#website\",\"url\":\"https:\\\/\\\/crsystem.ee\\\/\",\"name\":\"CR System O\u00dc\",\"description\":\"CR System - Teie usaldusv\u00e4\u00e4rne partner\",\"publisher\":{\"@id\":\"https:\\\/\\\/crsystem.ee\\\/#organization\"},\"potentialAction\":[{\"@type\":\"SearchAction\",\"target\":{\"@type\":\"EntryPoint\",\"urlTemplate\":\"https:\\\/\\\/crsystem.ee\\\/?s={search_term_string}\"},\"query-input\":{\"@type\":\"PropertyValueSpecification\",\"valueRequired\":true,\"valueName\":\"search_term_string\"}}],\"inLanguage\":\"en-GB\"},{\"@type\":\"Organization\",\"@id\":\"https:\\\/\\\/crsystem.ee\\\/#organization\",\"name\":\"CR System O\u00dc\",\"url\":\"https:\\\/\\\/crsystem.ee\\\/\",\"logo\":{\"@type\":\"ImageObject\",\"inLanguage\":\"en-GB\",\"@id\":\"https:\\\/\\\/crsystem.ee\\\/#\\\/schema\\\/logo\\\/image\\\/\",\"url\":\"https:\\\/\\\/crsystem.ee\\\/wp-content\\\/uploads\\\/2022\\\/05\\\/CR-System-logo-01.png\",\"contentUrl\":\"https:\\\/\\\/crsystem.ee\\\/wp-content\\\/uploads\\\/2022\\\/05\\\/CR-System-logo-01.png\",\"width\":2084,\"height\":753,\"caption\":\"CR System O\u00dc\"},\"image\":{\"@id\":\"https:\\\/\\\/crsystem.ee\\\/#\\\/schema\\\/logo\\\/image\\\/\"}}]}<\/script>\n<!-- \/ Yoast SEO plugin. -->","yoast_head_json":{"title":"Pollar 300+300 - roostevaba, poleeritud, betoneeritav - CR System O&Uuml;","description":"Roostevaba ja betoneeritav pollar 300+300 on m\u00f5eldud paigaldamiseks usteavade ette, et kaitsta ust v\u00f5imalike s\u00f5idukite kokkup\u00f5rgete eest.","robots":{"index":"index","follow":"follow","max-snippet":"max-snippet:-1","max-image-preview":"max-image-preview:large","max-video-preview":"max-video-preview:-1"},"canonical":"https:\/\/crsystem.ee\/en\/product\/pollar-300300-roostevaba-poleeritud-betoneeritav-i-metallist-kaitsepollar-i-cr-system\/","og_locale":"en_GB","og_type":"article","og_title":"Pollar 300+300 - roostevaba, poleeritud, betoneeritav - CR System O&Uuml;","og_description":"Roostevaba ja betoneeritav pollar 300+300 on m\u00f5eldud paigaldamiseks usteavade ette, et kaitsta ust v\u00f5imalike s\u00f5idukite kokkup\u00f5rgete eest.","og_url":"https:\/\/crsystem.ee\/en\/product\/pollar-300300-roostevaba-poleeritud-betoneeritav-i-metallist-kaitsepollar-i-cr-system\/","og_site_name":"CR System O&Uuml;","article_modified_time":"2026-03-26T12:44:14+00:00","og_image":[{"width":1920,"height":2560,"url":"https:\/\/crsystem.ee\/wp-content\/uploads\/2026\/03\/CR-System-Pollar-3-1-scaled.png","type":"image\/png"}],"twitter_card":"summary_large_image","twitter_misc":{"Estimated reading time":"1 minute"},"schema":{"@context":"https:\/\/schema.org","@graph":[{"@type":"WebPage","@id":"https:\/\/crsystem.ee\/toode\/pollar-300300-roostevaba-poleeritud-betoneeritav-i-metallist-kaitsepollar-i-cr-system\/","url":"https:\/\/crsystem.ee\/toode\/pollar-300300-roostevaba-poleeritud-betoneeritav-i-metallist-kaitsepollar-i-cr-system\/","name":"Pollar 300+300 - roostevaba, poleeritud, betoneeritav - CR System O&Uuml;","isPartOf":{"@id":"https:\/\/crsystem.ee\/#website"},"primaryImageOfPage":{"@id":"https:\/\/crsystem.ee\/toode\/pollar-300300-roostevaba-poleeritud-betoneeritav-i-metallist-kaitsepollar-i-cr-system\/#primaryimage"},"image":{"@id":"https:\/\/crsystem.ee\/toode\/pollar-300300-roostevaba-poleeritud-betoneeritav-i-metallist-kaitsepollar-i-cr-system\/#primaryimage"},"thumbnailUrl":"https:\/\/crsystem.ee\/wp-content\/uploads\/2026\/03\/CR-System-Pollar-3-1-scaled.png","datePublished":"2026-03-13T09:54:14+00:00","dateModified":"2026-03-26T12:44:14+00:00","description":"Roostevaba ja betoneeritav pollar 300+300 on m\u00f5eldud paigaldamiseks usteavade ette, et kaitsta ust v\u00f5imalike s\u00f5idukite kokkup\u00f5rgete eest.","breadcrumb":{"@id":"https:\/\/crsystem.ee\/toode\/pollar-300300-roostevaba-poleeritud-betoneeritav-i-metallist-kaitsepollar-i-cr-system\/#breadcrumb"},"inLanguage":"en-GB","potentialAction":[{"@type":"ReadAction","target":["https:\/\/crsystem.ee\/toode\/pollar-300300-roostevaba-poleeritud-betoneeritav-i-metallist-kaitsepollar-i-cr-system\/"]}]},{"@type":"ImageObject","inLanguage":"en-GB","@id":"https:\/\/crsystem.ee\/toode\/pollar-300300-roostevaba-poleeritud-betoneeritav-i-metallist-kaitsepollar-i-cr-system\/#primaryimage","url":"https:\/\/crsystem.ee\/wp-content\/uploads\/2026\/03\/CR-System-Pollar-3-1-scaled.png","contentUrl":"https:\/\/crsystem.ee\/wp-content\/uploads\/2026\/03\/CR-System-Pollar-3-1-scaled.png","width":1920,"height":2560,"caption":"Pollar roostevaba ja poleeritud, betoneeritav"},{"@type":"BreadcrumbList","@id":"https:\/\/crsystem.ee\/toode\/pollar-300300-roostevaba-poleeritud-betoneeritav-i-metallist-kaitsepollar-i-cr-system\/#breadcrumb","itemListElement":[{"@type":"ListItem","position":1,"name":"Home","item":"https:\/\/crsystem.ee\/"},{"@type":"ListItem","position":2,"name":"Pood","item":"https:\/\/crsystem.ee\/pood\/"},{"@type":"ListItem","position":3,"name":"Pollar 300+300 &#8211; roostevaba, poleeritud, betoneeritav"}]},{"@type":"WebSite","@id":"https:\/\/crsystem.ee\/#website","url":"https:\/\/crsystem.ee\/","name":"CR System O\u00dc","description":"CR System - Teie usaldusv\u00e4\u00e4rne partner","publisher":{"@id":"https:\/\/crsystem.ee\/#organization"},"potentialAction":[{"@type":"SearchAction","target":{"@type":"EntryPoint","urlTemplate":"https:\/\/crsystem.ee\/?s={search_term_string}"},"query-input":{"@type":"PropertyValueSpecification","valueRequired":true,"valueName":"search_term_string"}}],"inLanguage":"en-GB"},{"@type":"Organization","@id":"https:\/\/crsystem.ee\/#organization","name":"CR System O\u00dc","url":"https:\/\/crsystem.ee\/","logo":{"@type":"ImageObject","inLanguage":"en-GB","@id":"https:\/\/crsystem.ee\/#\/schema\/logo\/image\/","url":"https:\/\/crsystem.ee\/wp-content\/uploads\/2022\/05\/CR-System-logo-01.png","contentUrl":"https:\/\/crsystem.ee\/wp-content\/uploads\/2022\/05\/CR-System-logo-01.png","width":2084,"height":753,"caption":"CR System O\u00dc"},"image":{"@id":"https:\/\/crsystem.ee\/#\/schema\/logo\/image\/"}}]}},"jetpack_sharing_enabled":true,"_links":{"self":[{"href":"https:\/\/crsystem.ee\/en\/wp-json\/wp\/v2\/product\/658","targetHints":{"allow":["GET"]}}],"collection":[{"href":"https:\/\/crsystem.ee\/en\/wp-json\/wp\/v2\/product"}],"about":[{"href":"https:\/\/crsystem.ee\/en\/wp-json\/wp\/v2\/types\/product"}],"replies":[{"embeddable":true,"href":"https:\/\/crsystem.ee\/en\/wp-json\/wp\/v2\/comments?post=658"}],"wp:featuredmedia":[{"embeddable":true,"href":"https:\/\/crsystem.ee\/en\/wp-json\/wp\/v2\/media\/653"}],"wp:attachment":[{"href":"https:\/\/crsystem.ee\/en\/wp-json\/wp\/v2\/media?parent=658"}],"wp:term":[{"taxonomy":"product_brand","embeddable":true,"href":"https:\/\/crsystem.ee\/en\/wp-json\/wp\/v2\/product_brand?post=658"},{"taxonomy":"product_cat","embeddable":true,"href":"https:\/\/crsystem.ee\/en\/wp-json\/wp\/v2\/product_cat?post=658"},{"taxonomy":"product_tag","embeddable":true,"href":"https:\/\/crsystem.ee\/en\/wp-json\/wp\/v2\/product_tag?post=658"}],"curies":[{"name":"wp","href":"https:\/\/api.w.org\/{rel}","templated":true}]}}