{"id":960,"date":"2026-04-29T13:45:46","date_gmt":"2026-04-29T13:45:46","guid":{"rendered":"https:\/\/crsystem.ee\/?page_id=960"},"modified":"2026-04-30T07:04:00","modified_gmt":"2026-04-30T07:04:00","slug":"merevarustus","status":"publish","type":"page","link":"https:\/\/crsystem.ee\/en\/merevarustus\/","title":{"rendered":"Merevarustus"},"content":{"rendered":"<div class=\"brz brz-root__container brz-reset-all brz-root__container-page\" >\n<section id=\"tooted\" data-brz-id=\"mOJB1voYIHjH_mOJB1voYIHjH\" class=\"brz-section brz-css-d-section brz-css-17tjcq1\">\n<div class=\"brz-section__content brz-section--boxed brz-css-d-sectionitem-bg brz-css-61w3f5\" data-brz-custom-id=\"hK7xX_HKjttV\">\n<div class=\"brz-bg\">\n<div class=\"brz-bg-image\"><\/div>\n<div class=\"brz-bg-color\"><\/div>\n<\/div>\n<div class=\"brz-container brz-css-d-sectionitem-container brz-css-1y4pedz\">\n<div class=\"brz-row__container brz-css-d-row-row brz-css-10339nf\" data-brz-custom-id=\"lycfHkMDH1ie\">\n<div class=\"brz-row brz-css-d-row-container brz-css-r-row-container brz-css-19tahu3\">\n<div class=\"brz-columns brz-css-d-column-column brz-css-n39cz4\" data-brz-custom-id=\"nymLzFmrwWS9\">\n<div class=\"brz-column__items brz-css-d-column-bg brz-css-15f9ci1\">\n<div id=\"\" class=\"brz-css-d-wrapper brz-css-100s7uy brz-wrapper\">\n<div class=\"brz-rich-text brz-rich-text__custom brz-css-d-richtext brz-css-vem4sq\" data-brz-custom-id=\"wxaPKGN3g91I\">\n<div data-brz-translate-text=\"1\">\n<h2 class=\"brz-text-xs-left brz-lh-xs-1_9 brz-ls-xs-0 brz-fw-xs-400 brz-fss-xs-px brz-fs-xs-18 brz-fsft-xs-0 brz-fwdth-xs-100 brz-vfw-xs-400 brz-mb-sm-0 brz-mb-lg-20 brz-mb-xs-0 brz-tp-xs-heading4 brz-tp-lg-heading2 brz-css-cM4Kp\" data-generated-css=\"brz-css-cEDtK\" data-uniq-id=\"bI2YL\"><span style=\"color: rgba(var(--brz-global-color2),1);\" class=\"brz-cp-color2\">Alumiiniumist k\u00e4iguteed laevadele<\/span><\/h2>\n<\/div>\n<\/div>\n<\/div>\n<div id=\"\" class=\"brz-css-d-wrapper brz-css-j9hpo4 brz-wrapper\">\n<div class=\"brz-rich-text brz-rich-text__custom brz-css-d-richtext brz-css-agu62\" data-brz-custom-id=\"uJ7sF7E4rNQ7\">\n<div data-brz-translate-text=\"1\">\n<p data-generated-css=\"brz-css-eo4b6\" data-uniq-id=\"v0tSr\" class=\"brz-text-xs-center brz-ff-work_sans brz-ft-google brz-fs-lg-18 brz-fss-lg-px brz-fw-lg-400 brz-ls-lg-0 brz-lh-lg-1_9 brz-vfw-lg-400 brz-fwdth-lg-100 brz-fsft-lg-0 brz-tp-lg-paragraph brz-css-rtBau\"><span style=\"color: rgba(var(--brz-global-color7),1);\" class=\"brz-cp-color7\">Pakume kvaliteetseid alumiiniumist k\u00e4iguteid, mis on m\u00f5eldud eelk\u00f5ige kasutamiseks merenduses reisijate turvaliseks pardale p\u00e4\u00e4semiseks. Meie k\u00e4iguteed \u00fchendavad sadama ja laeva, tagades mugava ning ohutu liikumise igas olukorras.<\/span><\/p>\n<\/div>\n<\/div>\n<\/div>\n<div id=\"\" class=\"brz-css-d-wrapper brz-css-4nzbuu brz-wrapper\">\n<div class=\"brz-rich-text brz-rich-text__custom brz-css-d-richtext brz-css-r29ouy\" data-brz-custom-id=\"x66OeIEd9Zto\">\n<div data-brz-translate-text=\"1\">\n<p class=\"brz-tp-lg-paragraph brz-text-xs-center brz-css-e8gF2\" data-generated-css=\"brz-css-qWal7\" data-uniq-id=\"bw2TG\"><span style=\"color: rgba(var(--brz-global-color7),1);\" class=\"brz-cp-color7\">Toodame <\/span><strong style=\"color: rgba(var(--brz-global-color7),1);\" class=\"brz-cp-color7\">erineva pikkusega k\u00e4iguteid<\/strong><span style=\"color: rgba(var(--brz-global-color7),1);\" class=\"brz-cp-color7\">, mis sobivad nii v\u00e4iksematele alustele kui ka suurematele reisilaevadele. K\u00f5ik meie tooted on valmistatud vastupidavast alumiiniumist, mis tagab kerge kaalu, korrosioonikindluse ja pika kasutusea ka n\u00f5udlikes mereoludes.<\/span><\/p>\n<\/div>\n<\/div>\n<\/div>\n<div id=\"\" class=\"brz-css-d-wrapper brz-css-1is0mid brz-wrapper\">\n<div class=\"brz-rich-text brz-rich-text__custom brz-css-d-richtext brz-css-15bnev4\" data-brz-custom-id=\"zxN6LD_DD1L7\">\n<div data-brz-translate-text=\"1\">\n<p class=\"brz-tp-lg-paragraph brz-text-xs-left brz-lh-xs-1_9 brz-ls-xs-0 brz-fw-xs-400 brz-fss-xs-px brz-fs-xs-18 brz-tp-xs-empty brz-fsft-xs-0 brz-fwdth-xs-100 brz-vfw-xs-400 brz-mb-sm-0 brz-mb-lg-20 brz-mb-xs-0 brz-css-fHpY7\" data-generated-css=\"brz-css-zkvD3\" data-uniq-id=\"udjOp\"><span style=\"color: rgba(var(--brz-global-color7),1);\" class=\"brz-cp-color7\">K\u00f5ik k\u00e4iguteed on projekteeritud ja testitud vastavalt rahvusvahelisele standardile <\/span><strong style=\"color: rgba(var(--brz-global-color7),1);\" class=\"brz-cp-color7\">ISO 7061<\/strong><span style=\"color: rgba(var(--brz-global-color7),1);\" class=\"brz-cp-color7\">, mis kinnitab nende vastavust k\u00f5rgetele ohutus- ja kvaliteedin\u00f5uetele.<\/span><\/p>\n<\/div>\n<\/div>\n<\/div>\n<div id=\"\" class=\"brz-css-d-wrapper brz-css-1msyg7i brz-wrapper\">\n<div class=\"brz-rich-text brz-rich-text__custom brz-css-d-richtext brz-css-1yutlp\" data-brz-custom-id=\"uvbW03pjbMl8\">\n<div data-brz-translate-text=\"1\">\n<p class=\"brz-tp-lg-paragraph brz-text-xs-left brz-lh-xs-1_9 brz-ls-xs-0 brz-fw-xs-400 brz-fss-xs-px brz-fs-xs-18 brz-tp-xs-empty brz-fsft-xs-0 brz-fwdth-xs-100 brz-vfw-xs-400 brz-mb-sm-0 brz-mb-lg-20 brz-mb-xs-0 brz-css-oLZVP\" data-generated-css=\"brz-css-mg63f\" data-uniq-id=\"bCBWM\"><strong style=\"color: rgba(var(--brz-global-color7),1);\" class=\"brz-cp-color7\">Meie k\u00e4iguteede eelised:<\/strong><\/p>\n<ul>\n<li style=\"color: rgba(var(--brz-global-color7),1);\" class=\"brz-tp-lg-paragraph brz-text-xs-left brz-lh-xs-1_9 brz-ls-xs-0 brz-fw-xs-400 brz-fss-xs-px brz-fs-xs-18 brz-tp-xs-empty brz-fsft-xs-0 brz-fwdth-xs-100 brz-vfw-xs-400 brz-mb-sm-0 brz-mb-lg-20 brz-mb-xs-0 brz-bcp-color7 brz-css-flcZO\" data-generated-css=\"brz-css-k2Tl8\" data-uniq-id=\"rFkGv\"><span style=\"color: rgba(var(--brz-global-color7),1);\" class=\"brz-cp-color7\">spetsiaalselt merenduseks ja reisijate pardaleminekuks<\/span><\/li>\n<li style=\"color: rgba(var(--brz-global-color7),1);\" class=\"brz-tp-lg-paragraph brz-text-xs-left brz-lh-xs-1_9 brz-ls-xs-0 brz-fw-xs-400 brz-fss-xs-px brz-fs-xs-18 brz-tp-xs-empty brz-fsft-xs-0 brz-fwdth-xs-100 brz-vfw-xs-400 brz-mb-sm-0 brz-mb-lg-20 brz-mb-xs-0 brz-bcp-color7 brz-css-cKhsc\" data-generated-css=\"brz-css-ohRYH\" data-uniq-id=\"iimQ6\"><span style=\"color: rgba(var(--brz-global-color7),1);\" class=\"brz-cp-color7\">vastupidav ja kerge alumiiniumkonstruktsioon<\/span><\/li>\n<li style=\"color: rgba(var(--brz-global-color7),1);\" class=\"brz-tp-lg-paragraph brz-text-xs-left brz-lh-xs-1_9 brz-ls-xs-0 brz-fw-xs-400 brz-fss-xs-px brz-fs-xs-18 brz-tp-xs-empty brz-fsft-xs-0 brz-fwdth-xs-100 brz-vfw-xs-400 brz-mb-sm-0 brz-mb-lg-20 brz-mb-xs-0 brz-bcp-color7 brz-css-nI3c8\" data-generated-css=\"brz-css-zION7\" data-uniq-id=\"cFnlf\"><span style=\"color: rgba(var(--brz-global-color7),1);\" class=\"brz-cp-color7\">erinevad pikkused ja kohandamisv\u00f5imalused<\/span><\/li>\n<li style=\"color: rgba(var(--brz-global-color7),1);\" class=\"brz-tp-lg-paragraph brz-text-xs-left brz-lh-xs-1_9 brz-ls-xs-0 brz-fw-xs-400 brz-fss-xs-px brz-fs-xs-18 brz-tp-xs-empty brz-fsft-xs-0 brz-fwdth-xs-100 brz-vfw-xs-400 brz-mb-sm-0 brz-mb-lg-20 brz-mb-xs-0 brz-bcp-color7 brz-css-eCeA0\" data-generated-css=\"brz-css-oVWF4\" data-uniq-id=\"isu4Y\"><span style=\"color: rgba(var(--brz-global-color7),1);\" class=\"brz-cp-color7\">vastavus standardile ISO 7061<\/span><\/li>\n<li style=\"color: rgba(var(--brz-global-color7),1);\" class=\"brz-tp-lg-paragraph brz-text-xs-left brz-lh-xs-1_9 brz-ls-xs-0 brz-fw-xs-400 brz-fss-xs-px brz-fs-xs-18 brz-tp-xs-empty brz-fsft-xs-0 brz-fwdth-xs-100 brz-vfw-xs-400 brz-mb-sm-0 brz-mb-lg-20 brz-mb-xs-0 brz-bcp-color7 brz-css-eHd3W\" data-generated-css=\"brz-css-qhGkR\" data-uniq-id=\"zMn3h\"><span style=\"color: rgba(var(--brz-global-color7),1);\" class=\"brz-cp-color7\">ilmastiku- ja korrosioonikindel lahendus<\/span><\/li>\n<li style=\"color: rgba(var(--brz-global-color7),1);\" class=\"brz-tp-lg-paragraph brz-text-xs-left brz-lh-xs-1_9 brz-ls-xs-0 brz-fw-xs-400 brz-fss-xs-px brz-fs-xs-18 brz-tp-xs-empty brz-fsft-xs-0 brz-fwdth-xs-100 brz-vfw-xs-400 brz-mb-sm-0 brz-mb-lg-20 brz-mb-xs-0 brz-bcp-color7 brz-css-d9bK4\" data-generated-css=\"brz-css-b9njG\" data-uniq-id=\"sXGh1\"><span style=\"color: rgba(var(--brz-global-color7),1);\" class=\"brz-cp-color7\">turvaline ja stabiilne kasutus<\/span><\/li>\n<\/ul>\n<p class=\"brz-tp-lg-paragraph brz-text-xs-left brz-lh-xs-1_9 brz-ls-xs-0 brz-fw-xs-400 brz-fss-xs-px brz-fs-xs-18 brz-tp-xs-empty brz-fsft-xs-0 brz-fwdth-xs-100 brz-vfw-xs-400 brz-mb-sm-0 brz-mb-lg-20 brz-mb-xs-0 brz-css-u48do\" data-generated-css=\"brz-css-bLHwc\" data-uniq-id=\"vrEEk\"><span style=\"color: rgba(var(--brz-global-color7),1);\" class=\"brz-cp-color7\">Aitame leida teie laevale sobiva k\u00e4igutee lahenduse \u2013 alates standardm\u00f5\u00f5tudest kuni t\u00e4ielikult kohandatud projektideni.<\/span><\/p>\n<\/div>\n<\/div>\n<\/div>\n<div class=\"brz-wrapper-clone brz-flex-xs-wrap brz-css-d-cloneable brz-css-19vt65\" data-brz-custom-id=\"x0rewVlCz8tV\"><a class=\"brz-a brz-btn brz-css-d-button brz-css-zamnq5 brz-css-d-button-bg brz-css-mps8g8\" target=\"_self\" rel=\"noopener\" href=\"#kontakt\" data-brz-link-type=\"external\" data-brz-custom-id=\"ioaqV5R8TVHB\"><svg class=\"brz-icon-svg align-[initial] brz-css-d-button-icon brz-css-eo91mt\"><use href=\"\/wp-content\/plugins\/brizy\/public\/editor-build\/prod\/editor\/icons\/glyph\/tail-right.svg#nc_icon\"><\/use><\/svg><span data-brz-translate-text=\"1\" class=\"brz-span brz-text__editor\">SAADA P\u00c4RING<\/span><\/a><\/div>\n<\/div>\n<\/div>\n<div class=\"brz-columns brz-css-d-column-column brz-css-qkg2t1\" data-brz-custom-id=\"gCqgUj2iWU0y\">\n<div class=\"brz-column__items brz-css-d-column-bg brz-css-3ip9wg\">\n<div id=\"\" class=\"brz-css-d-wrapper brz-css-cdni3g brz-wrapper\">\n<div class=\"brz-image brz-css-d-image-vfbcyhtagdwh-parent brz-css-uub2pi\" data-brz-custom-id=\"vfbcYhtAGdWH\"><picture class=\"brz-picture brz-d-block brz-p-relative brz-css-d-image-vfbcyhtagdwh-picture brz-css-161tyf2\"><source srcset=\"https:\/\/crsystem.ee\/?brizy_media=wp-d36ee51f8c6f698a65c5b3a10f605692.jpg&amp;brizy_crop=iW%3D627%26iH%3D417%26oX%3D36%26oY%3D0%26cW%3D555%26cH%3D417 1x, https:\/\/crsystem.ee\/?brizy_media=wp-d36ee51f8c6f698a65c5b3a10f605692.jpg&amp;brizy_crop=iW%3D1254%26iH%3D834%26oX%3D72%26oY%3D0%26cW%3D1110%26cH%3D834 2x\" media=\"(min-width: 992px)\"><source srcset=\"https:\/\/crsystem.ee\/?brizy_media=wp-d36ee51f8c6f698a65c5b3a10f605692.jpg&amp;brizy_crop=iW%3D354%26iH%3D236%26oX%3D0%26oY%3D0%26cW%3D354%26cH%3D236 1x, https:\/\/crsystem.ee\/?brizy_media=wp-d36ee51f8c6f698a65c5b3a10f605692.jpg&amp;brizy_crop=iW%3D708%26iH%3D472%26oX%3D0%26oY%3D0%26cW%3D708%26cH%3D472 2x\" media=\"(min-width: 768px)\"><img decoding=\"async\" class=\"brz-img\" srcset=\"https:\/\/crsystem.ee\/?brizy_media=wp-d36ee51f8c6f698a65c5b3a10f605692.jpg&amp;brizy_crop=iW%3D409%26iH%3D272%26oX%3D0%26oY%3D14%26cW%3D409%26cH%3D245 1x, https:\/\/crsystem.ee\/?brizy_media=wp-d36ee51f8c6f698a65c5b3a10f605692.jpg&amp;brizy_crop=iW%3D818%26iH%3D544%26oX%3D0%26oY%3D28%26cW%3D818%26cH%3D490 2x\" src=\"https:\/\/crsystem.ee\/?brizy_media=wp-d36ee51f8c6f698a65c5b3a10f605692.jpg&amp;brizy_crop=iW%3D627%26iH%3D417%26oX%3D36%26oY%3D0%26cW%3D555%26cH%3D417\" loading=\"lazy\" alt=\"\" title=\"Laevak\u00e4iguteed-3\" draggable=\"false\"><\/picture><\/div>\n<\/div>\n<\/div>\n<\/div>\n<\/div>\n<\/div>\n<\/div>\n<\/div>\n<\/section><\/div>\n<p><!-- version:1777532640 --><\/p>\n","protected":false},"excerpt":{"rendered":"<p>Alumiiniumist k\u00e4iguteed laevadele Pakume kvaliteetseid alumiiniumist k\u00e4iguteid, mis on m\u00f5eldud eelk\u00f5ige kasutamiseks merenduses reisijate turvaliseks pardale p\u00e4\u00e4semiseks. Meie k\u00e4iguteed \u00fchendavad sadama ja laeva, tagades mugava ning ohutu liikumise igas olukorras. Toodame erineva pikkusega k\u00e4iguteid, mis sobivad nii v\u00e4iksematele alustele kui ka suurematele reisilaevadele. K\u00f5ik meie tooted on valmistatud vastupidavast alumiiniumist, mis tagab kerge kaalu, korrosioonikindluse [&hellip;]<\/p>\n","protected":false},"author":1,"featured_media":0,"parent":0,"menu_order":0,"comment_status":"closed","ping_status":"closed","template":"brizy-blank-template.php","meta":{"iawp_total_views":3,"footnotes":""},"class_list":["post-960","page","type-page","status-publish","hentry"],"yoast_head":"<!-- This site is optimized with the Yoast SEO plugin v27.5 - https:\/\/yoast.com\/product\/yoast-seo-wordpress\/ -->\n<title>Merevarustus - CR System O&Uuml;<\/title>\n<meta name=\"robots\" content=\"index, follow, max-snippet:-1, max-image-preview:large, max-video-preview:-1\" \/>\n<link rel=\"canonical\" href=\"https:\/\/crsystem.ee\/en\/merevarustus\/\" \/>\n<meta property=\"og:locale\" content=\"en_GB\" \/>\n<meta property=\"og:type\" content=\"article\" \/>\n<meta property=\"og:title\" content=\"Merevarustus - CR System O&Uuml;\" \/>\n<meta property=\"og:description\" content=\"Alumiiniumist k\u00e4iguteed laevadele Pakume kvaliteetseid alumiiniumist k\u00e4iguteid, mis on m\u00f5eldud eelk\u00f5ige kasutamiseks merenduses reisijate turvaliseks pardale p\u00e4\u00e4semiseks. Meie k\u00e4iguteed \u00fchendavad sadama ja laeva, tagades mugava ning ohutu liikumise igas olukorras. Toodame erineva pikkusega k\u00e4iguteid, mis sobivad nii v\u00e4iksematele alustele kui ka suurematele reisilaevadele. K\u00f5ik meie tooted on valmistatud vastupidavast alumiiniumist, mis tagab kerge kaalu, korrosioonikindluse [&hellip;]\" \/>\n<meta property=\"og:url\" content=\"https:\/\/crsystem.ee\/en\/merevarustus\/\" \/>\n<meta property=\"og:site_name\" content=\"CR System O&Uuml;\" \/>\n<meta property=\"article:modified_time\" content=\"2026-04-30T07:04:00+00:00\" \/>\n<meta property=\"og:image\" content=\"https:\/\/crsystem.ee\/?brizy_media=wp-d36ee51f8c6f698a65c5b3a10f605692.jpg&amp;brizy_crop=iW%3D627%26iH%3D417%26oX%3D36%26oY%3D0%26cW%3D555%26cH%3D417\" \/>\n<meta name=\"twitter:card\" content=\"summary_large_image\" \/>\n<script type=\"application\/ld+json\" class=\"yoast-schema-graph\">{\"@context\":\"https:\\\/\\\/schema.org\",\"@graph\":[{\"@type\":\"WebPage\",\"@id\":\"https:\\\/\\\/crsystem.ee\\\/merevarustus\\\/\",\"url\":\"https:\\\/\\\/crsystem.ee\\\/merevarustus\\\/\",\"name\":\"Merevarustus - CR System O&Uuml;\",\"isPartOf\":{\"@id\":\"https:\\\/\\\/crsystem.ee\\\/#website\"},\"primaryImageOfPage\":{\"@id\":\"https:\\\/\\\/crsystem.ee\\\/merevarustus\\\/#primaryimage\"},\"image\":{\"@id\":\"https:\\\/\\\/crsystem.ee\\\/merevarustus\\\/#primaryimage\"},\"thumbnailUrl\":\"https:\\\/\\\/crsystem.ee\\\/?brizy_media=wp-d36ee51f8c6f698a65c5b3a10f605692.jpg&amp;brizy_crop=iW%3D627%26iH%3D417%26oX%3D36%26oY%3D0%26cW%3D555%26cH%3D417\",\"datePublished\":\"2026-04-29T13:45:46+00:00\",\"dateModified\":\"2026-04-30T07:04:00+00:00\",\"breadcrumb\":{\"@id\":\"https:\\\/\\\/crsystem.ee\\\/merevarustus\\\/#breadcrumb\"},\"inLanguage\":\"en-GB\",\"potentialAction\":[{\"@type\":\"ReadAction\",\"target\":[\"https:\\\/\\\/crsystem.ee\\\/merevarustus\\\/\"]}]},{\"@type\":\"ImageObject\",\"inLanguage\":\"en-GB\",\"@id\":\"https:\\\/\\\/crsystem.ee\\\/merevarustus\\\/#primaryimage\",\"url\":\"https:\\\/\\\/crsystem.ee\\\/?brizy_media=wp-d36ee51f8c6f698a65c5b3a10f605692.jpg&amp;brizy_crop=iW%3D627%26iH%3D417%26oX%3D36%26oY%3D0%26cW%3D555%26cH%3D417\",\"contentUrl\":\"https:\\\/\\\/crsystem.ee\\\/?brizy_media=wp-d36ee51f8c6f698a65c5b3a10f605692.jpg&amp;brizy_crop=iW%3D627%26iH%3D417%26oX%3D36%26oY%3D0%26cW%3D555%26cH%3D417\"},{\"@type\":\"BreadcrumbList\",\"@id\":\"https:\\\/\\\/crsystem.ee\\\/merevarustus\\\/#breadcrumb\",\"itemListElement\":[{\"@type\":\"ListItem\",\"position\":1,\"name\":\"Home\",\"item\":\"https:\\\/\\\/crsystem.ee\\\/\"},{\"@type\":\"ListItem\",\"position\":2,\"name\":\"Merevarustus\"}]},{\"@type\":\"WebSite\",\"@id\":\"https:\\\/\\\/crsystem.ee\\\/#website\",\"url\":\"https:\\\/\\\/crsystem.ee\\\/\",\"name\":\"CR System O\u00dc\",\"description\":\"CR System - Teie usaldusv\u00e4\u00e4rne partner\",\"publisher\":{\"@id\":\"https:\\\/\\\/crsystem.ee\\\/#organization\"},\"potentialAction\":[{\"@type\":\"SearchAction\",\"target\":{\"@type\":\"EntryPoint\",\"urlTemplate\":\"https:\\\/\\\/crsystem.ee\\\/?s={search_term_string}\"},\"query-input\":{\"@type\":\"PropertyValueSpecification\",\"valueRequired\":true,\"valueName\":\"search_term_string\"}}],\"inLanguage\":\"en-GB\"},{\"@type\":\"Organization\",\"@id\":\"https:\\\/\\\/crsystem.ee\\\/#organization\",\"name\":\"CR System O\u00dc\",\"url\":\"https:\\\/\\\/crsystem.ee\\\/\",\"logo\":{\"@type\":\"ImageObject\",\"inLanguage\":\"en-GB\",\"@id\":\"https:\\\/\\\/crsystem.ee\\\/#\\\/schema\\\/logo\\\/image\\\/\",\"url\":\"https:\\\/\\\/crsystem.ee\\\/wp-content\\\/uploads\\\/2022\\\/05\\\/CR-System-logo-01.png\",\"contentUrl\":\"https:\\\/\\\/crsystem.ee\\\/wp-content\\\/uploads\\\/2022\\\/05\\\/CR-System-logo-01.png\",\"width\":2084,\"height\":753,\"caption\":\"CR System O\u00dc\"},\"image\":{\"@id\":\"https:\\\/\\\/crsystem.ee\\\/#\\\/schema\\\/logo\\\/image\\\/\"}}]}<\/script>\n<!-- \/ Yoast SEO plugin. -->","yoast_head_json":{"title":"Merevarustus - CR System O&Uuml;","robots":{"index":"index","follow":"follow","max-snippet":"max-snippet:-1","max-image-preview":"max-image-preview:large","max-video-preview":"max-video-preview:-1"},"canonical":"https:\/\/crsystem.ee\/en\/merevarustus\/","og_locale":"en_GB","og_type":"article","og_title":"Merevarustus - CR System O&Uuml;","og_description":"Alumiiniumist k\u00e4iguteed laevadele Pakume kvaliteetseid alumiiniumist k\u00e4iguteid, mis on m\u00f5eldud eelk\u00f5ige kasutamiseks merenduses reisijate turvaliseks pardale p\u00e4\u00e4semiseks. Meie k\u00e4iguteed \u00fchendavad sadama ja laeva, tagades mugava ning ohutu liikumise igas olukorras. Toodame erineva pikkusega k\u00e4iguteid, mis sobivad nii v\u00e4iksematele alustele kui ka suurematele reisilaevadele. K\u00f5ik meie tooted on valmistatud vastupidavast alumiiniumist, mis tagab kerge kaalu, korrosioonikindluse [&hellip;]","og_url":"https:\/\/crsystem.ee\/en\/merevarustus\/","og_site_name":"CR System O&Uuml;","article_modified_time":"2026-04-30T07:04:00+00:00","og_image":[{"url":"https:\/\/crsystem.ee\/?brizy_media=wp-d36ee51f8c6f698a65c5b3a10f605692.jpg&amp;brizy_crop=iW%3D627%26iH%3D417%26oX%3D36%26oY%3D0%26cW%3D555%26cH%3D417","type":"","width":"","height":""}],"twitter_card":"summary_large_image","schema":{"@context":"https:\/\/schema.org","@graph":[{"@type":"WebPage","@id":"https:\/\/crsystem.ee\/merevarustus\/","url":"https:\/\/crsystem.ee\/merevarustus\/","name":"Merevarustus - CR System O&Uuml;","isPartOf":{"@id":"https:\/\/crsystem.ee\/#website"},"primaryImageOfPage":{"@id":"https:\/\/crsystem.ee\/merevarustus\/#primaryimage"},"image":{"@id":"https:\/\/crsystem.ee\/merevarustus\/#primaryimage"},"thumbnailUrl":"https:\/\/crsystem.ee\/?brizy_media=wp-d36ee51f8c6f698a65c5b3a10f605692.jpg&amp;brizy_crop=iW%3D627%26iH%3D417%26oX%3D36%26oY%3D0%26cW%3D555%26cH%3D417","datePublished":"2026-04-29T13:45:46+00:00","dateModified":"2026-04-30T07:04:00+00:00","breadcrumb":{"@id":"https:\/\/crsystem.ee\/merevarustus\/#breadcrumb"},"inLanguage":"en-GB","potentialAction":[{"@type":"ReadAction","target":["https:\/\/crsystem.ee\/merevarustus\/"]}]},{"@type":"ImageObject","inLanguage":"en-GB","@id":"https:\/\/crsystem.ee\/merevarustus\/#primaryimage","url":"https:\/\/crsystem.ee\/?brizy_media=wp-d36ee51f8c6f698a65c5b3a10f605692.jpg&amp;brizy_crop=iW%3D627%26iH%3D417%26oX%3D36%26oY%3D0%26cW%3D555%26cH%3D417","contentUrl":"https:\/\/crsystem.ee\/?brizy_media=wp-d36ee51f8c6f698a65c5b3a10f605692.jpg&amp;brizy_crop=iW%3D627%26iH%3D417%26oX%3D36%26oY%3D0%26cW%3D555%26cH%3D417"},{"@type":"BreadcrumbList","@id":"https:\/\/crsystem.ee\/merevarustus\/#breadcrumb","itemListElement":[{"@type":"ListItem","position":1,"name":"Home","item":"https:\/\/crsystem.ee\/"},{"@type":"ListItem","position":2,"name":"Merevarustus"}]},{"@type":"WebSite","@id":"https:\/\/crsystem.ee\/#website","url":"https:\/\/crsystem.ee\/","name":"CR System O\u00dc","description":"CR System - Teie usaldusv\u00e4\u00e4rne partner","publisher":{"@id":"https:\/\/crsystem.ee\/#organization"},"potentialAction":[{"@type":"SearchAction","target":{"@type":"EntryPoint","urlTemplate":"https:\/\/crsystem.ee\/?s={search_term_string}"},"query-input":{"@type":"PropertyValueSpecification","valueRequired":true,"valueName":"search_term_string"}}],"inLanguage":"en-GB"},{"@type":"Organization","@id":"https:\/\/crsystem.ee\/#organization","name":"CR System O\u00dc","url":"https:\/\/crsystem.ee\/","logo":{"@type":"ImageObject","inLanguage":"en-GB","@id":"https:\/\/crsystem.ee\/#\/schema\/logo\/image\/","url":"https:\/\/crsystem.ee\/wp-content\/uploads\/2022\/05\/CR-System-logo-01.png","contentUrl":"https:\/\/crsystem.ee\/wp-content\/uploads\/2022\/05\/CR-System-logo-01.png","width":2084,"height":753,"caption":"CR System O\u00dc"},"image":{"@id":"https:\/\/crsystem.ee\/#\/schema\/logo\/image\/"}}]}},"jetpack_sharing_enabled":true,"brizy_media":[{"id":988,"url":"https:\/\/crsystem.ee\/wp-content\/uploads\/2026\/04\/ChatGPT-Image-Apr-30-2026-at-09_47_13-AM.png","name":"ChatGPT-Image-Apr-30-2026-at-09_47_13-AM.png","meta":{"brizy_attachment_uid":"wp-5d59c4a95e017c181e19724b48557844.png","brizy_post_uid":["5b976acc85fd50afc0bbf5c8e491802e"]}},{"id":1016,"url":"https:\/\/crsystem.ee\/wp-content\/uploads\/2026\/04\/Laevakaiguteed-3.jpg","name":"Laevakaiguteed-3.jpg","meta":{"brizy_attachment_uid":"wp-d36ee51f8c6f698a65c5b3a10f605692.jpg","brizy_post_uid":["5b976acc85fd50afc0bbf5c8e491802e"]}}],"_links":{"self":[{"href":"https:\/\/crsystem.ee\/en\/wp-json\/wp\/v2\/pages\/960","targetHints":{"allow":["GET"]}}],"collection":[{"href":"https:\/\/crsystem.ee\/en\/wp-json\/wp\/v2\/pages"}],"about":[{"href":"https:\/\/crsystem.ee\/en\/wp-json\/wp\/v2\/types\/page"}],"author":[{"embeddable":true,"href":"https:\/\/crsystem.ee\/en\/wp-json\/wp\/v2\/users\/1"}],"replies":[{"embeddable":true,"href":"https:\/\/crsystem.ee\/en\/wp-json\/wp\/v2\/comments?post=960"}],"version-history":[{"count":14,"href":"https:\/\/crsystem.ee\/en\/wp-json\/wp\/v2\/pages\/960\/revisions"}],"predecessor-version":[{"id":1019,"href":"https:\/\/crsystem.ee\/en\/wp-json\/wp\/v2\/pages\/960\/revisions\/1019"}],"wp:attachment":[{"href":"https:\/\/crsystem.ee\/en\/wp-json\/wp\/v2\/media?parent=960"}],"curies":[{"name":"wp","href":"https:\/\/api.w.org\/{rel}","templated":true}]}}