{"id":74,"date":"2025-04-23T11:09:35","date_gmt":"2025-04-23T11:09:35","guid":{"rendered":"https:\/\/crsystem.ee\/?page_id=74"},"modified":"2026-04-13T05:35:40","modified_gmt":"2026-04-13T05:35:40","slug":"teenused","status":"publish","type":"page","link":"https:\/\/crsystem.ee\/en\/teenused\/","title":{"rendered":"Services"},"content":{"rendered":"<div class=\"brz-root__container brz-reset-all brz brz-root__container-page\">\n<section id=\"b4a799c7aeb3aa692d3f_zhWcMaZIhoec\" class=\"brz-section brz-css-x5l1xp brz-css-2jjw9q\">\n<div class=\"brz-section__content brz-section--boxed brz-css-1fd68oi brz-css-1itgjej\" data-brz-custom-id=\"l9HFnUm8fGRw\">\n<div class=\"brz-bg\">\n<div class=\"brz-bg-color\"><\/div>\n<\/div>\n<div class=\"brz-container brz-css-l6fde5 brz-css-16tx4pc\">\n<div id=\"\" class=\"brz-css-1qs2t5d brz-css-runaoo brz-wrapper\">\n<div class=\"brz-rich-text brz-rich-text__custom brz-css-1w515ll brz-css-ij7vax\" data-brz-custom-id=\"bNhc1PU6kq6_\">\n<div data-brz-translate-text=\"1\">\n<h1 data-generated-css=\"brz-css-n_xX9\" data-uniq-id=\"gzo3m\" class=\"brz-text-lg-left brz-tp-lg-heading1 brz-css-p1bvO\"><span class=\"brz-cp-color1\">Welding works and assembly of steel structures<\/span><\/h1>\n<\/div>\n<\/div>\n<\/div>\n<div id=\"\" class=\"brz-css-1qs2t5d brz-css-1jf0nb9 brz-wrapper\">\n<div class=\"brz-rich-text brz-rich-text__custom brz-css-1w515ll brz-css-1gdmfm6\" data-brz-custom-id=\"axRG7AyryJ0l\">\n<div data-brz-translate-text=\"1\">\n<p data-generated-css=\"brz-css-tgZ_V\" data-uniq-id=\"m6dO1\" class=\"brz-mb-lg-20 brz-text-lg-left brz-tp-lg-subtitle brz-css-sXbQ8\"><span class=\"brz-cp-color2\">CR System offers professional welding services and steel structure installation, combining technical precision, experience, and high quality standards. Our team ensures strong and durable execution at every stage of construction \u2013 from creating detailed metal joints to installing large-scale structures.<\/span><\/p>\n<\/div>\n<\/div>\n<\/div>\n<div class=\"brz-row__container brz-css-1rdmh3 brz-css-1h6ewrv\" data-brz-custom-id=\"dCtIb55Nqznx\">\n<div class=\"brz-row brz-css-1denv1u brz-css-1aakdrh brz-css-1mmtfj5\">\n<div class=\"brz-columns brz-css-ktt87z brz-css-1ai8cfo\" data-brz-custom-id=\"uZXmZlG3tAv0\">\n<div class=\"brz-column__items brz-css-458nhu brz-css-7r1z8a\">\n<div class=\"brz-wrapper-clone brz-flex-xs-wrap brz-css-9lyayt brz-css-11irf37\" data-brz-custom-id=\"icgIv3zwxsYc\">\n<div class=\"brz-icon__container\" data-brz-custom-id=\"nFz57vhh5sww\"><a class=\"brz-a brz-anchor\" href=\"#projektijuhtimine\" target=\"_self\" rel=\"noopener\" data-brz-link-type=\"anchor\"><span class=\"brz-icon brz-span brz-css-sta2zi brz-css-1rdf48l\"><\/span><\/a><\/div>\n<\/div>\n<\/div>\n<\/div>\n<\/div>\n<\/div>\n<\/div>\n<\/div>\n<\/section>\n<section id=\"projektijuhtimine\" class=\"brz-section brz-css-x5l1xp brz-css-rocxnn\">\n<div class=\"brz-section__content brz-section--boxed brz-css-1fd68oi brz-css-bifeca\" data-brz-custom-id=\"ssllLYbQ7l4p\">\n<div class=\"brz-bg\">\n<div class=\"brz-bg-image\"><\/div>\n<div class=\"brz-bg-color\"><\/div>\n<\/div>\n<div class=\"brz-container brz-css-l6fde5 brz-css-2zjm7p\">\n<div class=\"brz-row__container brz-css-1rdmh3 brz-css-oju6xx\" data-brz-custom-id=\"xQ9dEPAHTIyZ\">\n<div class=\"brz-row brz-css-1denv1u brz-css-1aakdrh brz-css-1g7j6yf\">\n<div class=\"brz-columns brz-css-ktt87z brz-css-ddv4jc\" data-brz-custom-id=\"wyZikDd_Mkmr\">\n<div class=\"brz-column__items brz-css-458nhu brz-css-moat9t\">\n<div id=\"\" class=\"brz-css-1qs2t5d brz-css-1apmdqp brz-wrapper\">\n<div class=\"brz-image brz-css-kkfg3p brz-css-1feqrv5\" data-brz-custom-id=\"mIwSt0ItVeRl\"><img data-recalc-dims=\"1\" decoding=\"async\" class=\"brz-img\" src=\"https:\/\/i0.wp.com\/crsystem.ee\/wp-content\/uploads\/brizy\/imgs\/20241204_160441-scaled-562x562x4x0x555x562x1745839129.jpg?w=1920&#038;ssl=1\" alt=\"CR System teraskonstruktsioonide montaaz\" title=\"CR System teraskonstruktsioonide montaaz\" loading=\"lazy\"><\/div>\n<\/div>\n<\/div>\n<\/div>\n<div class=\"brz-columns brz-css-ktt87z brz-css-1s5ly4v\" data-brz-custom-id=\"shABxt8QudfK\">\n<div class=\"brz-column__items brz-css-458nhu brz-css-16uanni\">\n<div id=\"\" class=\"brz-css-1qs2t5d brz-css-1dqhig2 brz-wrapper\">\n<div class=\"brz-rich-text brz-rich-text__custom brz-css-1w515ll brz-css-1bzkj4b\" data-brz-custom-id=\"hk2D0y95Qut6\">\n<div data-brz-translate-text=\"1\">\n<h3 data-uniq-id=\"kyS_x\" data-generated-css=\"brz-css-bWdpC\" class=\"brz-mb-xs-0 brz-mb-lg-20 brz-mb-sm-0 brz-text-xs-left brz-vfw-xs-400 brz-fwdth-xs-100 brz-fsft-xs-0 brz-tp-xs-empty brz-fs-xs-18 brz-fss-xs-px brz-fw-xs-400 brz-ls-xs-0 brz-lh-xs-1_9 brz-tp-lg-heading3 brz-css-cmzqs\"><span class=\"brz-cp-color2\">Steel structure installation<\/span><\/h3>\n<p class=\"brz-mb-xs-0 brz-mb-lg-20 brz-tp-lg-paragraph brz-mb-sm-0 brz-text-xs-left brz-vfw-xs-400 brz-fwdth-xs-100 brz-fsft-xs-0 brz-tp-xs-empty brz-fs-xs-18 brz-fss-xs-px brz-fw-xs-400 brz-ls-xs-0 brz-lh-xs-1_9 brz-css-f02p8\" data-generated-css=\"brz-css-uENLz\" data-uniq-id=\"x8OhW\">CR System offers professional and reliable <strong>steel structure installation services<\/strong>that meet the highest standards of the modern construction industry. Our team has years of experience installing steel structures of varying complexity \u2013 whether for industrial buildings, warehouses, commercial spaces, or other large-scale projects.<\/p>\n<\/div>\n<\/div>\n<\/div>\n<div id=\"\" class=\"brz-css-1qs2t5d brz-css-1vc3hz9 brz-wrapper\">\n<div class=\"brz-rich-text brz-rich-text__custom brz-css-1w515ll brz-css-19dzu3r\" data-brz-custom-id=\"nrgtG24gOyxL\">\n<div data-brz-translate-text=\"1\">\n<p class=\"brz-mb-xs-0 brz-mb-lg-20 brz-tp-lg-paragraph brz-mb-sm-0 brz-text-xs-left brz-vfw-xs-400 brz-fwdth-xs-100 brz-fsft-xs-0 brz-tp-xs-empty brz-fs-xs-18 brz-fss-xs-px brz-fw-xs-400 brz-ls-xs-0 brz-lh-xs-1_9 brz-css-uUX88\" data-generated-css=\"brz-css-nvtRp\" data-uniq-id=\"aGpOd\">We always work strictly according to the project documentation and adhere to rigorous safety and quality requirements. Every installation begins with thorough preparation and ends with a complete inspection to ensure the structure\u2019s stability, durability, and operational safety.<\/p>\n<\/div>\n<\/div>\n<\/div>\n<div id=\"\" class=\"brz-css-1qs2t5d brz-css-o9zn0z brz-wrapper\">\n<div class=\"brz-rich-text brz-rich-text__custom brz-css-1w515ll brz-css-8kx5vn\" data-brz-custom-id=\"y7wmWyr_kVDB\">\n<div data-brz-translate-text=\"1\">\n<h4 data-generated-css=\"brz-css-wCBD0\" data-uniq-id=\"z7ISJ\" class=\"brz-mb-xs-0 brz-mb-lg-20 brz-mb-sm-0 brz-text-xs-left brz-vfw-xs-400 brz-fwdth-xs-100 brz-fsft-xs-0 brz-tp-xs-empty brz-fs-xs-18 brz-fss-xs-px brz-fw-xs-400 brz-ls-xs-0 brz-lh-xs-1_9 brz-tp-lg-heading4 brz-css-oS9jw\">Teenuse eelised:<\/h4>\n<ul>\n<li data-generated-css=\"brz-css-gVqN4\" data-uniq-id=\"flEHu\" class=\"brz-mb-xs-0 brz-mb-lg-20 brz-tp-lg-paragraph brz-mb-sm-0 brz-text-xs-left brz-vfw-xs-400 brz-fwdth-xs-100 brz-fsft-xs-0 brz-tp-xs-empty brz-fs-xs-18 brz-fss-xs-px brz-fw-xs-400 brz-ls-xs-0 brz-lh-xs-1_9 brz-css-twtfi\">Experienced installation team<\/li>\n<li data-generated-css=\"brz-css-gDVKi\" data-uniq-id=\"kGs2s\" class=\"brz-mb-xs-0 brz-mb-lg-20 brz-tp-lg-paragraph brz-mb-sm-0 brz-text-xs-left brz-vfw-xs-400 brz-fwdth-xs-100 brz-fsft-xs-0 brz-tp-xs-empty brz-fs-xs-18 brz-fss-xs-px brz-fw-xs-400 brz-ls-xs-0 brz-lh-xs-1_9 brz-css-kxpmQ\">Certified methods and equipment<\/li>\n<li data-generated-css=\"brz-css-ttlE3\" data-uniq-id=\"j2drJ\" class=\"brz-mb-xs-0 brz-mb-lg-20 brz-tp-lg-paragraph brz-mb-sm-0 brz-text-xs-left brz-vfw-xs-400 brz-fwdth-xs-100 brz-fsft-xs-0 brz-tp-xs-empty brz-fs-xs-18 brz-fss-xs-px brz-fw-xs-400 brz-ls-xs-0 brz-lh-xs-1_9 brz-css-aWoER\">Timely and safe execution of work<\/li>\n<li data-generated-css=\"brz-css-wJUtN\" data-uniq-id=\"phmjo\" class=\"brz-mb-xs-0 brz-mb-lg-20 brz-tp-lg-paragraph brz-mb-sm-0 brz-text-xs-left brz-vfw-xs-400 brz-fwdth-xs-100 brz-fsft-xs-0 brz-tp-xs-empty brz-fs-xs-18 brz-fss-xs-px brz-fw-xs-400 brz-ls-xs-0 brz-lh-xs-1_9 brz-css-qaOxp\">Suitable for both new constructions and renovation projects<\/li>\n<\/ul>\n<p class=\"brz-mb-xs-0 brz-mb-lg-20 brz-tp-lg-paragraph brz-mb-sm-0 brz-text-xs-left brz-vfw-xs-400 brz-fwdth-xs-100 brz-fsft-xs-0 brz-tp-xs-empty brz-fs-xs-18 brz-fss-xs-px brz-fw-xs-400 brz-ls-xs-0 brz-lh-xs-1_9 brz-css-kNwHJ\" data-generated-css=\"brz-css-sVRXk\" data-uniq-id=\"kSHeS\">If you're looking for a reliable partner capable of carrying out steel structure installation quickly, precisely, and safely, then <strong>CR System is your choice.<\/strong><\/p>\n<\/div>\n<\/div>\n<\/div>\n<\/div>\n<\/div>\n<\/div>\n<\/div>\n<\/div>\n<\/div>\n<\/section>\n<section id=\"projektijuhtimine\" class=\"brz-section brz-css-x5l1xp brz-css-1n28z3c\">\n<div class=\"brz-section__content brz-section--boxed brz-css-1fd68oi brz-css-y9nprx\" data-brz-custom-id=\"kTUa0RGiUcgk\">\n<div class=\"brz-bg\">\n<div class=\"brz-bg-image\"><\/div>\n<div class=\"brz-bg-color\"><\/div>\n<\/div>\n<div class=\"brz-container brz-css-l6fde5 brz-css-1twztvm\">\n<div class=\"brz-row__container brz-css-1rdmh3 brz-css-1rufzgu\" data-brz-custom-id=\"zbTI7TZ5eJet\">\n<div class=\"brz-row brz-css-1denv1u brz-css-1aakdrh brz-css-1guctsf\">\n<div class=\"brz-columns brz-css-ktt87z brz-css-1f8ocqp\" data-brz-custom-id=\"hgLpx0mcc_hc\">\n<div class=\"brz-column__items brz-css-458nhu brz-css-h67awr\">\n<div id=\"\" class=\"brz-css-1qs2t5d brz-css-xunvdt brz-wrapper\">\n<div class=\"brz-rich-text brz-rich-text__custom brz-css-1w515ll brz-css-eqbe1e\" data-brz-custom-id=\"lIXRjbL5lYnT\">\n<div data-brz-translate-text=\"1\">\n<h3 data-uniq-id=\"oTtyM\" data-generated-css=\"brz-css-qD1Ll\" class=\"brz-mb-xs-0 brz-mb-lg-20 brz-mb-sm-0 brz-text-xs-left brz-vfw-xs-400 brz-fwdth-xs-100 brz-fsft-xs-0 brz-tp-xs-empty brz-fs-xs-18 brz-fss-xs-px brz-fw-xs-400 brz-ls-xs-0 brz-lh-xs-1_9 brz-tp-lg-heading3 brz-css-qX3PY\"><span class=\"brz-cp-color2\">Welding services<\/span><\/h3>\n<p class=\"brz-mb-xs-0 brz-mb-lg-20 brz-tp-lg-paragraph brz-mb-sm-0 brz-text-xs-left brz-vfw-xs-400 brz-fwdth-xs-100 brz-fsft-xs-0 brz-tp-xs-empty brz-fs-xs-18 brz-fss-xs-px brz-fw-xs-400 brz-ls-xs-0 brz-lh-xs-1_9 brz-css-yXfLe\" data-generated-css=\"brz-css-eyZMY\" data-uniq-id=\"yIOhy\">CR System carries out a wide range of <strong>keevitust\u00f6id<\/strong>offering solutions that meet both industrial and construction requirements.<\/p>\n<\/div>\n<\/div>\n<\/div>\n<div id=\"\" class=\"brz-css-1qs2t5d brz-css-134e3h1 brz-wrapper\">\n<div class=\"brz-rich-text brz-rich-text__custom brz-css-1w515ll brz-css-obkb65\" data-brz-custom-id=\"kqEmGUPLOV_B\">\n<div data-brz-translate-text=\"1\">\n<h4 data-generated-css=\"brz-css-o7t4i\" data-uniq-id=\"j_ZL1\" class=\"brz-mb-xs-0 brz-mb-lg-20 brz-mb-sm-0 brz-text-xs-left brz-vfw-xs-400 brz-fwdth-xs-100 brz-fsft-xs-0 brz-tp-xs-empty brz-fs-xs-18 brz-fss-xs-px brz-fw-xs-400 brz-ls-xs-0 brz-lh-xs-1_9 brz-tp-lg-heading4 brz-css-jdvDw\">Mida pakume:<\/h4>\n<ul>\n<li class=\"brz-mb-xs-0 brz-mb-lg-20 brz-tp-lg-paragraph brz-mb-sm-0 brz-text-xs-left brz-vfw-xs-400 brz-fwdth-xs-100 brz-fsft-xs-0 brz-tp-xs-empty brz-fs-xs-18 brz-fss-xs-px brz-fw-xs-400 brz-ls-xs-0 brz-lh-xs-1_9 brz-css-tToxy\" data-generated-css=\"brz-css-u6Mj3\" data-uniq-id=\"d6dp5\">Professional welding services for various metals<\/li>\n<li class=\"brz-mb-xs-0 brz-mb-lg-20 brz-tp-lg-paragraph brz-mb-sm-0 brz-text-xs-left brz-vfw-xs-400 brz-fwdth-xs-100 brz-fsft-xs-0 brz-tp-xs-empty brz-fs-xs-18 brz-fss-xs-px brz-fw-xs-400 brz-ls-xs-0 brz-lh-xs-1_9 brz-css-or_fQ\" data-generated-css=\"brz-css-w8XYj\" data-uniq-id=\"gTNfk\">Fabrication and repair of structures<\/li>\n<li class=\"brz-mb-xs-0 brz-mb-lg-20 brz-tp-lg-paragraph brz-mb-sm-0 brz-text-xs-left brz-vfw-xs-400 brz-fwdth-xs-100 brz-fsft-xs-0 brz-tp-xs-empty brz-fs-xs-18 brz-fss-xs-px brz-fw-xs-400 brz-ls-xs-0 brz-lh-xs-1_9 brz-css-nK2K9\" data-generated-css=\"brz-css-lZxrn\" data-uniq-id=\"uqudd\">Strong, corrosion-resistant, and moderately stressed welded joints<\/li>\n<li data-generated-css=\"brz-css-vuhIk\" data-uniq-id=\"xzcg3\" class=\"brz-mb-xs-0 brz-mb-lg-20 brz-tp-lg-paragraph brz-mb-sm-0 brz-text-xs-left brz-vfw-xs-400 brz-fwdth-xs-100 brz-fsft-xs-0 brz-tp-xs-empty brz-fs-xs-18 brz-fss-xs-px brz-fw-xs-400 brz-ls-xs-0 brz-lh-xs-1_9 brz-css-nOD5H\">Solutions ranging from small components to large-scale projects<\/li>\n<\/ul>\n<p class=\"brz-mb-xs-0 brz-mb-lg-20 brz-tp-lg-paragraph brz-mb-sm-0 brz-text-xs-left brz-vfw-xs-400 brz-fwdth-xs-100 brz-fsft-xs-0 brz-tp-xs-empty brz-fs-xs-18 brz-fss-xs-px brz-fw-xs-400 brz-ls-xs-0 brz-lh-xs-1_9 brz-css-geof4\" data-generated-css=\"brz-css-uO35J\" data-uniq-id=\"t22V8\"><strong>CR System's welding services<\/strong> combine technical precision, experience, and quality \u2013 ensuring that your metal structures are safe and built to last for years.<\/p>\n<\/div>\n<\/div>\n<\/div>\n<\/div>\n<\/div>\n<div class=\"brz-columns brz-css-ktt87z brz-css-8ocyeu\" data-brz-custom-id=\"seXwKLqp8MjA\">\n<div class=\"brz-column__items brz-css-458nhu brz-css-1rm6968\">\n<div id=\"\" class=\"brz-css-1qs2t5d brz-css-13xdup3 brz-wrapper\">\n<div class=\"brz-image brz-css-1fsu7k5 brz-css-tchmtg\" data-brz-custom-id=\"aqIR5NVQvxNs\"><img decoding=\"async\" class=\"brz-img\" src=\"https:\/\/crsystem.ee\/?brizy_media=wp-f485064fa91f49db7dcc9be91f48ee48.jpg&amp;brizy_crop=iW%3D843%26iH%3D562%26oX%3D144%26oY%3D0%26cW%3D555%26cH%3D562\" alt=\"\" title=\"CR System-keevitus\" loading=\"lazy\"><\/div>\n<\/div>\n<\/div>\n<\/div>\n<\/div>\n<\/div>\n<\/div>\n<\/div>\n<\/section>\n<\/div>\n<p>    <!-- version:1749847386 --><\/p>","protected":false},"excerpt":{"rendered":"<p>Keevitust\u00f6\u00f6d ja teraskonstruktsioonide montaa\u017e CR System pakub professionaalseid keevitust\u00f6id ja teraskonstruktsioonide montaa\u017ei, \u00fchendades tehnilise t\u00e4psuse, kogemuse ja k\u00f5rged kvaliteedistandardid. Meie meeskond tagab tugeva ja vastupidava teostuse igas ehitusetapis \u2013 alates detailsete metall\u00fchenduste loomisest kuni suurem\u00f5\u00f5tmeliste konstruktsioonide paigalduseni. Teraskonstruktsioonide montaa\u017e CR System pakub professionaalset ja usaldusv\u00e4\u00e4rset teraskonstruktsioonide montaa\u017eiteenust, mis vastab kaasaegse ehitust\u00f6\u00f6stuse k\u00f5rgeimatele standarditele. Meie meeskonnal [&hellip;]<\/p>\n","protected":false},"author":1,"featured_media":489,"parent":0,"menu_order":0,"comment_status":"closed","ping_status":"closed","template":"brizy-blank-template.php","meta":{"iawp_total_views":47,"footnotes":""},"class_list":["post-74","page","type-page","status-publish","has-post-thumbnail","hentry"],"yoast_head":"<!-- This site is optimized with the Yoast SEO plugin v27.5 - https:\/\/yoast.com\/product\/yoast-seo-wordpress\/ -->\n<title>Teenused - CR System O&Uuml;<\/title>\n<meta name=\"description\" content=\"CR System pakub keevitust\u00f6id ja teraskonstruktsioonide montaa\u017ei. Kogenud meeskond, kvaliteetne teostus, t\u00e4psus ja usaldusv\u00e4\u00e4rsus igas ehitusetapis.\" \/>\n<meta name=\"robots\" content=\"index, follow, max-snippet:-1, max-image-preview:large, max-video-preview:-1\" \/>\n<link rel=\"canonical\" href=\"https:\/\/crsystem.ee\/en\/teenused\/\" \/>\n<meta property=\"og:locale\" content=\"en_GB\" \/>\n<meta property=\"og:type\" content=\"article\" \/>\n<meta property=\"og:title\" content=\"Teenused - CR System O&Uuml;\" \/>\n<meta property=\"og:description\" content=\"CR System pakub keevitust\u00f6id ja teraskonstruktsioonide montaa\u017ei. Kogenud meeskond, kvaliteetne teostus, t\u00e4psus ja usaldusv\u00e4\u00e4rsus igas ehitusetapis.\" \/>\n<meta property=\"og:url\" content=\"https:\/\/crsystem.ee\/en\/teenused\/\" \/>\n<meta property=\"og:site_name\" content=\"CR System O&Uuml;\" \/>\n<meta property=\"article:modified_time\" content=\"2026-04-13T05:35:40+00:00\" \/>\n<meta property=\"og:image\" content=\"https:\/\/crsystem.ee\/wp-content\/uploads\/2025\/06\/CR-System-keevitus-scaled.jpg\" \/>\n\t<meta property=\"og:image:width\" content=\"2560\" \/>\n\t<meta property=\"og:image:height\" content=\"1708\" \/>\n\t<meta property=\"og:image:type\" content=\"image\/jpeg\" \/>\n<meta name=\"twitter:card\" content=\"summary_large_image\" \/>\n<meta name=\"twitter:label1\" content=\"Estimated reading time\" \/>\n\t<meta name=\"twitter:data1\" content=\"2 minutes\" \/>\n<script type=\"application\/ld+json\" class=\"yoast-schema-graph\">{\"@context\":\"https:\\\/\\\/schema.org\",\"@graph\":[{\"@type\":\"WebPage\",\"@id\":\"https:\\\/\\\/crsystem.ee\\\/teenused\\\/\",\"url\":\"https:\\\/\\\/crsystem.ee\\\/teenused\\\/\",\"name\":\"Teenused - CR System O&Uuml;\",\"isPartOf\":{\"@id\":\"https:\\\/\\\/crsystem.ee\\\/#website\"},\"primaryImageOfPage\":{\"@id\":\"https:\\\/\\\/crsystem.ee\\\/teenused\\\/#primaryimage\"},\"image\":{\"@id\":\"https:\\\/\\\/crsystem.ee\\\/teenused\\\/#primaryimage\"},\"thumbnailUrl\":\"https:\\\/\\\/crsystem.ee\\\/wp-content\\\/uploads\\\/2025\\\/06\\\/CR-System-keevitus-scaled.jpg\",\"datePublished\":\"2025-04-23T11:09:35+00:00\",\"dateModified\":\"2026-04-13T05:35:40+00:00\",\"description\":\"CR System pakub keevitust\u00f6id ja teraskonstruktsioonide montaa\u017ei. Kogenud meeskond, kvaliteetne teostus, t\u00e4psus ja usaldusv\u00e4\u00e4rsus igas ehitusetapis.\",\"breadcrumb\":{\"@id\":\"https:\\\/\\\/crsystem.ee\\\/teenused\\\/#breadcrumb\"},\"inLanguage\":\"en-GB\",\"potentialAction\":[{\"@type\":\"ReadAction\",\"target\":[\"https:\\\/\\\/crsystem.ee\\\/teenused\\\/\"]}]},{\"@type\":\"ImageObject\",\"inLanguage\":\"en-GB\",\"@id\":\"https:\\\/\\\/crsystem.ee\\\/teenused\\\/#primaryimage\",\"url\":\"https:\\\/\\\/crsystem.ee\\\/wp-content\\\/uploads\\\/2025\\\/06\\\/CR-System-keevitus-scaled.jpg\",\"contentUrl\":\"https:\\\/\\\/crsystem.ee\\\/wp-content\\\/uploads\\\/2025\\\/06\\\/CR-System-keevitus-scaled.jpg\",\"width\":2560,\"height\":1708},{\"@type\":\"BreadcrumbList\",\"@id\":\"https:\\\/\\\/crsystem.ee\\\/teenused\\\/#breadcrumb\",\"itemListElement\":[{\"@type\":\"ListItem\",\"position\":1,\"name\":\"Home\",\"item\":\"https:\\\/\\\/crsystem.ee\\\/\"},{\"@type\":\"ListItem\",\"position\":2,\"name\":\"Teenused\"}]},{\"@type\":\"WebSite\",\"@id\":\"https:\\\/\\\/crsystem.ee\\\/#website\",\"url\":\"https:\\\/\\\/crsystem.ee\\\/\",\"name\":\"CR System O\u00dc\",\"description\":\"CR System - Teie usaldusv\u00e4\u00e4rne partner\",\"publisher\":{\"@id\":\"https:\\\/\\\/crsystem.ee\\\/#organization\"},\"potentialAction\":[{\"@type\":\"SearchAction\",\"target\":{\"@type\":\"EntryPoint\",\"urlTemplate\":\"https:\\\/\\\/crsystem.ee\\\/?s={search_term_string}\"},\"query-input\":{\"@type\":\"PropertyValueSpecification\",\"valueRequired\":true,\"valueName\":\"search_term_string\"}}],\"inLanguage\":\"en-GB\"},{\"@type\":\"Organization\",\"@id\":\"https:\\\/\\\/crsystem.ee\\\/#organization\",\"name\":\"CR System O\u00dc\",\"url\":\"https:\\\/\\\/crsystem.ee\\\/\",\"logo\":{\"@type\":\"ImageObject\",\"inLanguage\":\"en-GB\",\"@id\":\"https:\\\/\\\/crsystem.ee\\\/#\\\/schema\\\/logo\\\/image\\\/\",\"url\":\"https:\\\/\\\/crsystem.ee\\\/wp-content\\\/uploads\\\/2022\\\/05\\\/CR-System-logo-01.png\",\"contentUrl\":\"https:\\\/\\\/crsystem.ee\\\/wp-content\\\/uploads\\\/2022\\\/05\\\/CR-System-logo-01.png\",\"width\":2084,\"height\":753,\"caption\":\"CR System O\u00dc\"},\"image\":{\"@id\":\"https:\\\/\\\/crsystem.ee\\\/#\\\/schema\\\/logo\\\/image\\\/\"}}]}<\/script>\n<!-- \/ Yoast SEO plugin. -->","yoast_head_json":{"title":"Teenused - CR System O&Uuml;","description":"CR System pakub keevitust\u00f6id ja teraskonstruktsioonide montaa\u017ei. Kogenud meeskond, kvaliteetne teostus, t\u00e4psus ja usaldusv\u00e4\u00e4rsus igas ehitusetapis.","robots":{"index":"index","follow":"follow","max-snippet":"max-snippet:-1","max-image-preview":"max-image-preview:large","max-video-preview":"max-video-preview:-1"},"canonical":"https:\/\/crsystem.ee\/en\/teenused\/","og_locale":"en_GB","og_type":"article","og_title":"Teenused - CR System O&Uuml;","og_description":"CR System pakub keevitust\u00f6id ja teraskonstruktsioonide montaa\u017ei. Kogenud meeskond, kvaliteetne teostus, t\u00e4psus ja usaldusv\u00e4\u00e4rsus igas ehitusetapis.","og_url":"https:\/\/crsystem.ee\/en\/teenused\/","og_site_name":"CR System O&Uuml;","article_modified_time":"2026-04-13T05:35:40+00:00","og_image":[{"width":2560,"height":1708,"url":"https:\/\/crsystem.ee\/wp-content\/uploads\/2025\/06\/CR-System-keevitus-scaled.jpg","type":"image\/jpeg"}],"twitter_card":"summary_large_image","twitter_misc":{"Estimated reading time":"2 minutes"},"schema":{"@context":"https:\/\/schema.org","@graph":[{"@type":"WebPage","@id":"https:\/\/crsystem.ee\/teenused\/","url":"https:\/\/crsystem.ee\/teenused\/","name":"Teenused - CR System O&Uuml;","isPartOf":{"@id":"https:\/\/crsystem.ee\/#website"},"primaryImageOfPage":{"@id":"https:\/\/crsystem.ee\/teenused\/#primaryimage"},"image":{"@id":"https:\/\/crsystem.ee\/teenused\/#primaryimage"},"thumbnailUrl":"https:\/\/crsystem.ee\/wp-content\/uploads\/2025\/06\/CR-System-keevitus-scaled.jpg","datePublished":"2025-04-23T11:09:35+00:00","dateModified":"2026-04-13T05:35:40+00:00","description":"CR System pakub keevitust\u00f6id ja teraskonstruktsioonide montaa\u017ei. Kogenud meeskond, kvaliteetne teostus, t\u00e4psus ja usaldusv\u00e4\u00e4rsus igas ehitusetapis.","breadcrumb":{"@id":"https:\/\/crsystem.ee\/teenused\/#breadcrumb"},"inLanguage":"en-GB","potentialAction":[{"@type":"ReadAction","target":["https:\/\/crsystem.ee\/teenused\/"]}]},{"@type":"ImageObject","inLanguage":"en-GB","@id":"https:\/\/crsystem.ee\/teenused\/#primaryimage","url":"https:\/\/crsystem.ee\/wp-content\/uploads\/2025\/06\/CR-System-keevitus-scaled.jpg","contentUrl":"https:\/\/crsystem.ee\/wp-content\/uploads\/2025\/06\/CR-System-keevitus-scaled.jpg","width":2560,"height":1708},{"@type":"BreadcrumbList","@id":"https:\/\/crsystem.ee\/teenused\/#breadcrumb","itemListElement":[{"@type":"ListItem","position":1,"name":"Home","item":"https:\/\/crsystem.ee\/"},{"@type":"ListItem","position":2,"name":"Teenused"}]},{"@type":"WebSite","@id":"https:\/\/crsystem.ee\/#website","url":"https:\/\/crsystem.ee\/","name":"CR System O\u00dc","description":"CR System - Teie usaldusv\u00e4\u00e4rne partner","publisher":{"@id":"https:\/\/crsystem.ee\/#organization"},"potentialAction":[{"@type":"SearchAction","target":{"@type":"EntryPoint","urlTemplate":"https:\/\/crsystem.ee\/?s={search_term_string}"},"query-input":{"@type":"PropertyValueSpecification","valueRequired":true,"valueName":"search_term_string"}}],"inLanguage":"en-GB"},{"@type":"Organization","@id":"https:\/\/crsystem.ee\/#organization","name":"CR System O\u00dc","url":"https:\/\/crsystem.ee\/","logo":{"@type":"ImageObject","inLanguage":"en-GB","@id":"https:\/\/crsystem.ee\/#\/schema\/logo\/image\/","url":"https:\/\/crsystem.ee\/wp-content\/uploads\/2022\/05\/CR-System-logo-01.png","contentUrl":"https:\/\/crsystem.ee\/wp-content\/uploads\/2022\/05\/CR-System-logo-01.png","width":2084,"height":753,"caption":"CR System O\u00dc"},"image":{"@id":"https:\/\/crsystem.ee\/#\/schema\/logo\/image\/"}}]}},"jetpack_sharing_enabled":true,"brizy_media":[{"id":105,"url":"https:\/\/crsystem.ee\/wp-content\/uploads\/2025\/04\/d03-custom-background-green-white.jpg","name":"d03-custom-background-green-white.jpg","meta":{"brizy_attachment_uid":"d03-custom-background-green-white.jpg","brizy_post_uid":["e69aaa9fd4fc72abde7ccb097b0ba678"]}},{"id":203,"url":"https:\/\/crsystem.ee\/wp-content\/uploads\/2025\/04\/20241204_160441-scaled.jpg","name":"20241204_160441.jpg","meta":{"brizy_attachment_uid":"wp-237cb51a18b821e823816977a4e4c319.jpg","brizy_post_uid":["a572f7128544d2137af3d0fe5b42a997","e69aaa9fd4fc72abde7ccb097b0ba678"]}},{"id":403,"url":"https:\/\/crsystem.ee\/wp-content\/uploads\/2025\/06\/CR-system-taust-kollane-parem.jpg","name":"CR-system-taust-kollane-parem.jpg","meta":{"brizy_attachment_uid":"wp-af47222f24ebac566eb5b0db8ba5dced.jpg","brizy_post_uid":["a572f7128544d2137af3d0fe5b42a997","e69aaa9fd4fc72abde7ccb097b0ba678"]}},{"id":489,"url":"https:\/\/crsystem.ee\/wp-content\/uploads\/2025\/06\/CR-System-keevitus-scaled.jpg","name":"CR-System-keevitus.jpg","meta":{"brizy_attachment_uid":"wp-f485064fa91f49db7dcc9be91f48ee48.jpg","brizy_post_uid":["e69aaa9fd4fc72abde7ccb097b0ba678","a572f7128544d2137af3d0fe5b42a997","5596fd68d217a59cba5d7f194e7b4112"]}}],"_links":{"self":[{"href":"https:\/\/crsystem.ee\/en\/wp-json\/wp\/v2\/pages\/74","targetHints":{"allow":["GET"]}}],"collection":[{"href":"https:\/\/crsystem.ee\/en\/wp-json\/wp\/v2\/pages"}],"about":[{"href":"https:\/\/crsystem.ee\/en\/wp-json\/wp\/v2\/types\/page"}],"author":[{"embeddable":true,"href":"https:\/\/crsystem.ee\/en\/wp-json\/wp\/v2\/users\/1"}],"replies":[{"embeddable":true,"href":"https:\/\/crsystem.ee\/en\/wp-json\/wp\/v2\/comments?post=74"}],"version-history":[{"count":23,"href":"https:\/\/crsystem.ee\/en\/wp-json\/wp\/v2\/pages\/74\/revisions"}],"predecessor-version":[{"id":514,"href":"https:\/\/crsystem.ee\/en\/wp-json\/wp\/v2\/pages\/74\/revisions\/514"}],"wp:featuredmedia":[{"embeddable":true,"href":"https:\/\/crsystem.ee\/en\/wp-json\/wp\/v2\/media\/489"}],"wp:attachment":[{"href":"https:\/\/crsystem.ee\/en\/wp-json\/wp\/v2\/media?parent=74"}],"curies":[{"name":"wp","href":"https:\/\/api.w.org\/{rel}","templated":true}]}}