{"id":291,"date":"2025-05-23T10:10:08","date_gmt":"2025-05-23T10:10:08","guid":{"rendered":"https:\/\/crsystem.ee\/?page_id=291"},"modified":"2026-04-13T15:24:24","modified_gmt":"2026-04-13T15:24:24","slug":"sertifikaadid","status":"publish","type":"page","link":"https:\/\/crsystem.ee\/en\/sertifikaadid\/","title":{"rendered":"Sertifikaadid"},"content":{"rendered":"<div class=\"brz-root__container brz-reset-all brz brz-root__container-page\">\n<section id=\"meist\" class=\"brz-section brz-css-ojd66q\">\n<div class=\"brz-section__content brz-section--boxed brz-css-zldp8x brz-css-137avbo\" data-brz-custom-id=\"nOF70v9J8i6U\">\n<div class=\"brz-bg\">\n<div class=\"brz-bg-color\"><\/div>\n<\/div>\n<div class=\"brz-container brz-css-15rhmkr brz-css-10j2f1h\">\n<div class=\"brz-row__container brz-css-cxkj3m\" data-brz-custom-id=\"ubvtWNWcUDyQ\">\n<div class=\"brz-bg\"><\/div>\n<div class=\"brz-row brz-css-zobtqp brz-css-3mcogq\">\n<div class=\"brz-columns brz-css-1r1tl9n brz-css-19aur77\" data-brz-custom-id=\"lVksNxML0YCX\">\n<div class=\"brz-bg\"><\/div>\n<div class=\"brz-column__items brz-css-ynajb5 brz-css-xwpyd6\">\n<div id=\"\" class=\"brz-css-1etc5db brz-wrapper\">\n<div class=\"brz-rich-text brz-rich-text__custom brz-css-1hedllq\" data-brz-custom-id=\"f87KqvyteXU2\">\n<div data-brz-translate-text=\"1\">\n<h2 class=\"brz-tp-lg-heading2 brz-css-d0HkB\" data-generated-css=\"brz-css-rXEuN\" data-uniq-id=\"fPXxP\"><span class=\"brz-cp-color1\">Sertifikaadid<\/span><\/h2>\n<\/div>\n<\/div>\n<\/div>\n<div id=\"\" class=\"brz-css-1etc5db brz-css-12s6uvj brz-css-4ta9ij brz-wrapper\">\n<div class=\"brz-spacer brz-css-bwufmo brz-css-1isanu6\"><\/div>\n<\/div>\n<div id=\"\" class=\"brz-css-1etc5db brz-wrapper\">\n<div class=\"brz-image brz-image__lightbox brz-css-1ft33vs\" data-brz-custom-id=\"r7PoUSdIVWGz\"><a class=\"brz-a\" href=\"https:\/\/i0.wp.com\/crsystem.ee\/wp-content\/uploads\/2025\/05\/EC-Cert_CR-System-OU_2024.jpg?ssl=1\" target=\"_self\" rel=\"noopener\" data-brz-link-type=\"lightBox\"><img data-recalc-dims=\"1\" decoding=\"async\" class=\"brz-img\" src=\"https:\/\/i0.wp.com\/crsystem.ee\/wp-content\/uploads\/2025\/05\/EC-Cert_CR-System-OU_2024.jpg?w=1920&#038;ssl=1\" alt=\"\" loading=\"lazy\"><\/a><\/div>\n<\/div>\n<\/div>\n<\/div>\n<div class=\"brz-columns brz-css-1r1tl9n brz-css-1bn8p30\" data-brz-custom-id=\"pUCwqMjhHEei\">\n<div class=\"brz-column__items brz-css-ynajb5 brz-css-1axwxv1\">\n<div id=\"\" class=\"brz-css-1etc5db brz-wrapper\">\n<div class=\"brz-rich-text brz-rich-text__custom brz-css-1hedllq\" data-brz-custom-id=\"mZXcWfpIKLek\">\n<div data-brz-translate-text=\"1\">\n<p class=\"brz-tp-lg-empty brz-ff-work_sans brz-ft-google brz-fs-lg-18 brz-fss-lg-px brz-fw-lg-400 brz-ls-lg-0 brz-lh-lg-1_9 brz-vfw-lg-400 brz-fwdth-lg-100 brz-fsft-lg-0 brz-css-zPFrm\" data-uniq-id=\"juwm9\" data-generated-css=\"brz-css-tpg_G\"><span class=\"brz-cp-color2\">Meie ettev\u00f5ttes on kvaliteet esikohal \u2013 k\u00f5ik meie tooted vastavad CE standarditele ning on varustatud vastavate sertifikaatidega. Pakume igale kliendile l\u00e4bim\u00f5eldud ja kulut\u00f5husaid lahendusi, mis p\u00f5hinevad headel tootmistavadel ja vastavad k\u00f5rgetele kvaliteedin\u00f5uetele.<\/span><\/p>\n<\/div>\n<\/div>\n<\/div>\n<div id=\"\" class=\"brz-css-1etc5db brz-wrapper\">\n<div class=\"brz-rich-text brz-rich-text__custom brz-css-1hedllq\" data-brz-custom-id=\"sjtJdrmKAo1P\">\n<div data-brz-translate-text=\"1\">\n<p class=\"brz-tp-lg-empty brz-ff-work_sans brz-ft-google brz-fs-lg-18 brz-fss-lg-px brz-fw-lg-400 brz-ls-lg-0 brz-lh-lg-1_9 brz-vfw-lg-400 brz-fwdth-lg-100 brz-fsft-lg-0 brz-css-b4DeG\" data-uniq-id=\"bTWL7\" data-generated-css=\"brz-css-byQtC\"><span class=\"brz-cp-color2\">Tootmisprotsessid on t\u00e4ielikult dokumenteeritud, tagades nii kogu protsessi l\u00e4bipaistvuse kui ka j\u00e4lgitavuse. Hoiame oma kliente kursis iga olulise sammuga tootmisahelas ning oleme alati valmis n\u00f5ustama ja k\u00fcsimustele vastama.<\/span><\/p>\n<\/div>\n<\/div>\n<\/div>\n<div id=\"\" class=\"brz-css-1etc5db brz-wrapper\">\n<div class=\"brz-rich-text brz-rich-text__custom brz-css-1hedllq\" data-brz-custom-id=\"n9M9AB8cW9Bd\">\n<div data-brz-translate-text=\"1\">\n<p class=\"brz-fsft-lg-0 brz-fwdth-lg-100 brz-vfw-lg-400 brz-lh-lg-1_9 brz-ls-lg-0 brz-fw-lg-400 brz-fss-lg-px brz-fs-lg-18 brz-ft-google brz-ff-work_sans brz-tp-lg-empty brz-css-ud1Vc\" data-generated-css=\"brz-css-sH49K\" data-uniq-id=\"dZ7wq\"><span class=\"brz-cp-color2\">K\u00f5ik meie tooted ja projektid tarnitakse koos vajalike dokumentidega \u2013 sealhulgas materjalide ja pinnakatete sertifikaatide, toimivusdeklaratsiooni ning CE m\u00e4rgistusega.<\/span><\/p>\n<\/div>\n<\/div>\n<\/div>\n<\/div>\n<\/div>\n<\/div>\n<\/div>\n<\/div>\n<\/div>\n<\/section>\n<\/div>\n<p>    <!-- version:1748025376 --><\/p>","protected":false},"excerpt":{"rendered":"<p>Sertifikaadid Meie ettev\u00f5ttes on kvaliteet esikohal \u2013 k\u00f5ik meie tooted vastavad CE standarditele ning on varustatud vastavate sertifikaatidega. Pakume igale kliendile l\u00e4bim\u00f5eldud ja kulut\u00f5husaid lahendusi, mis p\u00f5hinevad headel tootmistavadel ja vastavad k\u00f5rgetele kvaliteedin\u00f5uetele. Tootmisprotsessid on t\u00e4ielikult dokumenteeritud, tagades nii kogu protsessi l\u00e4bipaistvuse kui ka j\u00e4lgitavuse. Hoiame oma kliente kursis iga olulise sammuga tootmisahelas ning oleme [&hellip;]<\/p>\n","protected":false},"author":1,"featured_media":328,"parent":0,"menu_order":0,"comment_status":"closed","ping_status":"closed","template":"brizy-blank-template.php","meta":{"iawp_total_views":17,"footnotes":""},"class_list":["post-291","page","type-page","status-publish","has-post-thumbnail","hentry"],"yoast_head":"<!-- This site is optimized with the Yoast SEO plugin v27.5 - https:\/\/yoast.com\/product\/yoast-seo-wordpress\/ -->\n<title>Sertifikaadid - CR System O&Uuml;<\/title>\n<meta name=\"description\" content=\"Sertifikaadid. K\u00f5ik CR Systemi metalltooted vastavad CE standarditele ja tarnitakse koos sertifikaatidega. Kvaliteetne tootmine ja t\u00e4ielik l\u00e4bipaistvus igas etapis.\" \/>\n<meta name=\"robots\" content=\"index, follow, max-snippet:-1, max-image-preview:large, max-video-preview:-1\" \/>\n<link rel=\"canonical\" href=\"https:\/\/crsystem.ee\/en\/sertifikaadid\/\" \/>\n<meta property=\"og:locale\" content=\"en_GB\" \/>\n<meta property=\"og:type\" content=\"article\" \/>\n<meta property=\"og:title\" content=\"Sertifikaadid - CR System O&Uuml;\" \/>\n<meta property=\"og:description\" content=\"Sertifikaadid. K\u00f5ik CR Systemi metalltooted vastavad CE standarditele ja tarnitakse koos sertifikaatidega. Kvaliteetne tootmine ja t\u00e4ielik l\u00e4bipaistvus igas etapis.\" \/>\n<meta property=\"og:url\" content=\"https:\/\/crsystem.ee\/en\/sertifikaadid\/\" \/>\n<meta property=\"og:site_name\" content=\"CR System O&Uuml;\" \/>\n<meta property=\"article:modified_time\" content=\"2026-04-13T15:24:24+00:00\" \/>\n<meta property=\"og:image\" content=\"https:\/\/crsystem.ee\/wp-content\/uploads\/2025\/05\/EC-Cert_CR-System-OU_2024.jpg\" \/>\n\t<meta property=\"og:image:width\" content=\"1653\" \/>\n\t<meta property=\"og:image:height\" content=\"2338\" \/>\n\t<meta property=\"og:image:type\" content=\"image\/jpeg\" \/>\n<meta name=\"twitter:card\" content=\"summary_large_image\" \/>\n<meta name=\"twitter:label1\" content=\"Estimated reading time\" \/>\n\t<meta name=\"twitter:data1\" content=\"1 minute\" \/>\n<script type=\"application\/ld+json\" class=\"yoast-schema-graph\">{\"@context\":\"https:\\\/\\\/schema.org\",\"@graph\":[{\"@type\":\"WebPage\",\"@id\":\"https:\\\/\\\/crsystem.ee\\\/sertifikaadid\\\/\",\"url\":\"https:\\\/\\\/crsystem.ee\\\/sertifikaadid\\\/\",\"name\":\"Sertifikaadid - CR System O&Uuml;\",\"isPartOf\":{\"@id\":\"https:\\\/\\\/crsystem.ee\\\/#website\"},\"primaryImageOfPage\":{\"@id\":\"https:\\\/\\\/crsystem.ee\\\/sertifikaadid\\\/#primaryimage\"},\"image\":{\"@id\":\"https:\\\/\\\/crsystem.ee\\\/sertifikaadid\\\/#primaryimage\"},\"thumbnailUrl\":\"https:\\\/\\\/crsystem.ee\\\/wp-content\\\/uploads\\\/2025\\\/05\\\/EC-Cert_CR-System-OU_2024.jpg\",\"datePublished\":\"2025-05-23T10:10:08+00:00\",\"dateModified\":\"2026-04-13T15:24:24+00:00\",\"description\":\"Sertifikaadid. K\u00f5ik CR Systemi metalltooted vastavad CE standarditele ja tarnitakse koos sertifikaatidega. Kvaliteetne tootmine ja t\u00e4ielik l\u00e4bipaistvus igas etapis.\",\"breadcrumb\":{\"@id\":\"https:\\\/\\\/crsystem.ee\\\/sertifikaadid\\\/#breadcrumb\"},\"inLanguage\":\"en-GB\",\"potentialAction\":[{\"@type\":\"ReadAction\",\"target\":[\"https:\\\/\\\/crsystem.ee\\\/sertifikaadid\\\/\"]}]},{\"@type\":\"ImageObject\",\"inLanguage\":\"en-GB\",\"@id\":\"https:\\\/\\\/crsystem.ee\\\/sertifikaadid\\\/#primaryimage\",\"url\":\"https:\\\/\\\/crsystem.ee\\\/wp-content\\\/uploads\\\/2025\\\/05\\\/EC-Cert_CR-System-OU_2024.jpg\",\"contentUrl\":\"https:\\\/\\\/crsystem.ee\\\/wp-content\\\/uploads\\\/2025\\\/05\\\/EC-Cert_CR-System-OU_2024.jpg\",\"width\":1653,\"height\":2338,\"caption\":\"CR System EC Cert\"},{\"@type\":\"BreadcrumbList\",\"@id\":\"https:\\\/\\\/crsystem.ee\\\/sertifikaadid\\\/#breadcrumb\",\"itemListElement\":[{\"@type\":\"ListItem\",\"position\":1,\"name\":\"Home\",\"item\":\"https:\\\/\\\/crsystem.ee\\\/\"},{\"@type\":\"ListItem\",\"position\":2,\"name\":\"Sertifikaadid\"}]},{\"@type\":\"WebSite\",\"@id\":\"https:\\\/\\\/crsystem.ee\\\/#website\",\"url\":\"https:\\\/\\\/crsystem.ee\\\/\",\"name\":\"CR System O\u00dc\",\"description\":\"CR System - Teie usaldusv\u00e4\u00e4rne partner\",\"publisher\":{\"@id\":\"https:\\\/\\\/crsystem.ee\\\/#organization\"},\"potentialAction\":[{\"@type\":\"SearchAction\",\"target\":{\"@type\":\"EntryPoint\",\"urlTemplate\":\"https:\\\/\\\/crsystem.ee\\\/?s={search_term_string}\"},\"query-input\":{\"@type\":\"PropertyValueSpecification\",\"valueRequired\":true,\"valueName\":\"search_term_string\"}}],\"inLanguage\":\"en-GB\"},{\"@type\":\"Organization\",\"@id\":\"https:\\\/\\\/crsystem.ee\\\/#organization\",\"name\":\"CR System O\u00dc\",\"url\":\"https:\\\/\\\/crsystem.ee\\\/\",\"logo\":{\"@type\":\"ImageObject\",\"inLanguage\":\"en-GB\",\"@id\":\"https:\\\/\\\/crsystem.ee\\\/#\\\/schema\\\/logo\\\/image\\\/\",\"url\":\"https:\\\/\\\/crsystem.ee\\\/wp-content\\\/uploads\\\/2022\\\/05\\\/CR-System-logo-01.png\",\"contentUrl\":\"https:\\\/\\\/crsystem.ee\\\/wp-content\\\/uploads\\\/2022\\\/05\\\/CR-System-logo-01.png\",\"width\":2084,\"height\":753,\"caption\":\"CR System O\u00dc\"},\"image\":{\"@id\":\"https:\\\/\\\/crsystem.ee\\\/#\\\/schema\\\/logo\\\/image\\\/\"}}]}<\/script>\n<!-- \/ Yoast SEO plugin. -->","yoast_head_json":{"title":"Sertifikaadid - CR System O&Uuml;","description":"Sertifikaadid. K\u00f5ik CR Systemi metalltooted vastavad CE standarditele ja tarnitakse koos sertifikaatidega. Kvaliteetne tootmine ja t\u00e4ielik l\u00e4bipaistvus igas etapis.","robots":{"index":"index","follow":"follow","max-snippet":"max-snippet:-1","max-image-preview":"max-image-preview:large","max-video-preview":"max-video-preview:-1"},"canonical":"https:\/\/crsystem.ee\/en\/sertifikaadid\/","og_locale":"en_GB","og_type":"article","og_title":"Sertifikaadid - CR System O&Uuml;","og_description":"Sertifikaadid. K\u00f5ik CR Systemi metalltooted vastavad CE standarditele ja tarnitakse koos sertifikaatidega. Kvaliteetne tootmine ja t\u00e4ielik l\u00e4bipaistvus igas etapis.","og_url":"https:\/\/crsystem.ee\/en\/sertifikaadid\/","og_site_name":"CR System O&Uuml;","article_modified_time":"2026-04-13T15:24:24+00:00","og_image":[{"width":1653,"height":2338,"url":"https:\/\/crsystem.ee\/wp-content\/uploads\/2025\/05\/EC-Cert_CR-System-OU_2024.jpg","type":"image\/jpeg"}],"twitter_card":"summary_large_image","twitter_misc":{"Estimated reading time":"1 minute"},"schema":{"@context":"https:\/\/schema.org","@graph":[{"@type":"WebPage","@id":"https:\/\/crsystem.ee\/sertifikaadid\/","url":"https:\/\/crsystem.ee\/sertifikaadid\/","name":"Sertifikaadid - CR System O&Uuml;","isPartOf":{"@id":"https:\/\/crsystem.ee\/#website"},"primaryImageOfPage":{"@id":"https:\/\/crsystem.ee\/sertifikaadid\/#primaryimage"},"image":{"@id":"https:\/\/crsystem.ee\/sertifikaadid\/#primaryimage"},"thumbnailUrl":"https:\/\/crsystem.ee\/wp-content\/uploads\/2025\/05\/EC-Cert_CR-System-OU_2024.jpg","datePublished":"2025-05-23T10:10:08+00:00","dateModified":"2026-04-13T15:24:24+00:00","description":"Sertifikaadid. K\u00f5ik CR Systemi metalltooted vastavad CE standarditele ja tarnitakse koos sertifikaatidega. Kvaliteetne tootmine ja t\u00e4ielik l\u00e4bipaistvus igas etapis.","breadcrumb":{"@id":"https:\/\/crsystem.ee\/sertifikaadid\/#breadcrumb"},"inLanguage":"en-GB","potentialAction":[{"@type":"ReadAction","target":["https:\/\/crsystem.ee\/sertifikaadid\/"]}]},{"@type":"ImageObject","inLanguage":"en-GB","@id":"https:\/\/crsystem.ee\/sertifikaadid\/#primaryimage","url":"https:\/\/crsystem.ee\/wp-content\/uploads\/2025\/05\/EC-Cert_CR-System-OU_2024.jpg","contentUrl":"https:\/\/crsystem.ee\/wp-content\/uploads\/2025\/05\/EC-Cert_CR-System-OU_2024.jpg","width":1653,"height":2338,"caption":"CR System EC Cert"},{"@type":"BreadcrumbList","@id":"https:\/\/crsystem.ee\/sertifikaadid\/#breadcrumb","itemListElement":[{"@type":"ListItem","position":1,"name":"Home","item":"https:\/\/crsystem.ee\/"},{"@type":"ListItem","position":2,"name":"Sertifikaadid"}]},{"@type":"WebSite","@id":"https:\/\/crsystem.ee\/#website","url":"https:\/\/crsystem.ee\/","name":"CR System O\u00dc","description":"CR System - Teie usaldusv\u00e4\u00e4rne partner","publisher":{"@id":"https:\/\/crsystem.ee\/#organization"},"potentialAction":[{"@type":"SearchAction","target":{"@type":"EntryPoint","urlTemplate":"https:\/\/crsystem.ee\/?s={search_term_string}"},"query-input":{"@type":"PropertyValueSpecification","valueRequired":true,"valueName":"search_term_string"}}],"inLanguage":"en-GB"},{"@type":"Organization","@id":"https:\/\/crsystem.ee\/#organization","name":"CR System O\u00dc","url":"https:\/\/crsystem.ee\/","logo":{"@type":"ImageObject","inLanguage":"en-GB","@id":"https:\/\/crsystem.ee\/#\/schema\/logo\/image\/","url":"https:\/\/crsystem.ee\/wp-content\/uploads\/2022\/05\/CR-System-logo-01.png","contentUrl":"https:\/\/crsystem.ee\/wp-content\/uploads\/2022\/05\/CR-System-logo-01.png","width":2084,"height":753,"caption":"CR System O\u00dc"},"image":{"@id":"https:\/\/crsystem.ee\/#\/schema\/logo\/image\/"}}]}},"jetpack_sharing_enabled":true,"brizy_media":[{"id":328,"url":"https:\/\/crsystem.ee\/wp-content\/uploads\/2025\/05\/EC-Cert_CR-System-OU_2024.jpg","name":"EC-Cert_CR-System-OU_2024.jpg","meta":{"brizy_attachment_uid":"wp-7434dacd6aa23c8416e8a71486d8e6b8.jpg","brizy_post_uid":["69a1bcc510b114569df8a0f1174dca90"]}}],"_links":{"self":[{"href":"https:\/\/crsystem.ee\/en\/wp-json\/wp\/v2\/pages\/291","targetHints":{"allow":["GET"]}}],"collection":[{"href":"https:\/\/crsystem.ee\/en\/wp-json\/wp\/v2\/pages"}],"about":[{"href":"https:\/\/crsystem.ee\/en\/wp-json\/wp\/v2\/types\/page"}],"author":[{"embeddable":true,"href":"https:\/\/crsystem.ee\/en\/wp-json\/wp\/v2\/users\/1"}],"replies":[{"embeddable":true,"href":"https:\/\/crsystem.ee\/en\/wp-json\/wp\/v2\/comments?post=291"}],"version-history":[{"count":16,"href":"https:\/\/crsystem.ee\/en\/wp-json\/wp\/v2\/pages\/291\/revisions"}],"predecessor-version":[{"id":607,"href":"https:\/\/crsystem.ee\/en\/wp-json\/wp\/v2\/pages\/291\/revisions\/607"}],"wp:featuredmedia":[{"embeddable":true,"href":"https:\/\/crsystem.ee\/en\/wp-json\/wp\/v2\/media\/328"}],"wp:attachment":[{"href":"https:\/\/crsystem.ee\/en\/wp-json\/wp\/v2\/media?parent=291"}],"curies":[{"name":"wp","href":"https:\/\/api.w.org\/{rel}","templated":true}]}}