{"id":11,"date":"2022-05-06T16:13:51","date_gmt":"2022-05-06T16:13:51","guid":{"rendered":"https:\/\/crsystem.ee\/?page_id=11"},"modified":"2026-04-29T13:45:14","modified_gmt":"2026-04-29T13:45:14","slug":"cr-system-ou","status":"publish","type":"page","link":"https:\/\/crsystem.ee\/en\/","title":{"rendered":"Esileht"},"content":{"rendered":"<div class=\"brz brz-root__container brz-reset-all brz-root__container-page\" >\n<section id=\"projektijuhtimine\" data-brz-id=\"b14a7ba4fN0q_b14a7ba4fN0q\" class=\"brz-section brz-css-d-section brz-css-1cdqriz\">\n<div class=\"brz-section__content brz-section--boxed brz-css-d-sectionitem-bg brz-css-gvrgo5\" data-brz-custom-id=\"mPVIe3ksT4rV\">\n<div class=\"brz-bg\">\n<div class=\"brz-bg-image\"><\/div>\n<div class=\"brz-bg-color\"><\/div>\n<\/div>\n<div class=\"brz-container brz-css-d-sectionitem-container brz-css-1ohx19b\">\n<div class=\"brz-row__container brz-css-d-row-row brz-css-1l2k9sb\" data-brz-custom-id=\"wheEynvgNzsm\">\n<div class=\"brz-row brz-css-d-row-container brz-css-r-row-container brz-css-177ua8c\">\n<div class=\"brz-columns brz-css-d-column-column brz-css-1ov0uxg\" data-brz-custom-id=\"pmehYKEA51KD\">\n<div class=\"brz-column__items brz-css-d-column-bg brz-css-571e47\">\n<div id=\"\" class=\"brz-css-d-wrapper brz-css-j52ux8 brz-wrapper\">\n<div class=\"brz-image brz-css-d-image-vcll0s3fzbmr-parent brz-css-1mituu4\" data-brz-custom-id=\"vclL0S3FZBmR\"><picture class=\"brz-picture brz-d-block brz-p-relative brz-css-d-image-vcll0s3fzbmr-picture brz-css-1pdz0ie\"><source srcset=\"https:\/\/crsystem.ee\/wp-content\/uploads\/brizy\/imgs\/20241204_160441-scaled-562x562x4x0x555x562x1745839129.jpg 1x, https:\/\/crsystem.ee\/wp-content\/uploads\/brizy\/imgs\/20241204_160441-scaled-1124x1124x8x0x1110x1124x1745839129.jpg 2x\" media=\"(min-width: 992px)\"><source srcset=\"https:\/\/crsystem.ee\/wp-content\/uploads\/brizy\/imgs\/20241204_160441-scaled-354x354x0x0x354x354x1745839129.jpg 1x, https:\/\/crsystem.ee\/wp-content\/uploads\/brizy\/imgs\/20241204_160441-scaled-708x708x0x0x708x708x1745839129.jpg 2x\" media=\"(min-width: 768px)\"><img data-recalc-dims=\"1\" decoding=\"async\" class=\"brz-img\" srcset=\"https:\/\/crsystem.ee\/wp-content\/uploads\/brizy\/imgs\/20241204_160441-scaled-409x409x0x20x409x368x1745839129.jpg 1x, https:\/\/crsystem.ee\/wp-content\/uploads\/brizy\/imgs\/20241204_160441-scaled-818x818x0x40x818x736x1745839129.jpg 2x\" src=\"https:\/\/i0.wp.com\/crsystem.ee\/wp-content\/uploads\/brizy\/imgs\/20241204_160441-scaled-562x562x4x0x555x562x1745839129.jpg?w=1920&#038;ssl=1\" loading=\"lazy\" alt=\"CR System teraskonstruktsioonide montaaz\" title=\"CR System teraskonstruktsioonide montaaz\" draggable=\"false\"><\/picture><\/div>\n<\/div>\n<\/div>\n<\/div>\n<div class=\"brz-columns brz-css-d-column-column brz-css-1drivg8\" data-brz-custom-id=\"fup6dIQUH3PS\">\n<div class=\"brz-column__items brz-css-d-column-bg brz-css-lpywex\">\n<div id=\"\" class=\"brz-css-d-wrapper brz-css-1iq49df brz-wrapper\">\n<div class=\"brz-rich-text brz-rich-text__custom brz-css-d-richtext brz-css-mut8n7\" data-brz-custom-id=\"ukgEyQsbvJy1\">\n<div data-brz-translate-text=\"1\">\n<h2 data-uniq-id=\"ugoiv\" data-generated-css=\"brz-css-xKUR7\" class=\"brz-tp-lg-heading2 brz-css-hkXlX\"><span style=\"color: rgba(var(--brz-global-color2),1);\" class=\"brz-cp-color2\">Projektijuhtimine<\/span><\/h2>\n<\/div>\n<\/div>\n<\/div>\n<div id=\"\" class=\"brz-css-d-wrapper brz-css-13a9j7s brz-wrapper\">\n<div class=\"brz-rich-text brz-rich-text__custom brz-css-d-richtext brz-css-17megq3\" data-brz-custom-id=\"evaUooRO9yuS\">\n<div data-brz-translate-text=\"1\">\n<p class=\"brz-mb-xs-0 brz-mb-lg-20 brz-tp-lg-paragraph brz-mb-sm-0 brz-text-xs-left brz-vfw-xs-400 brz-fwdth-xs-100 brz-fsft-xs-0 brz-tp-xs-empty brz-fs-xs-18 brz-fss-xs-px brz-fw-xs-400 brz-ls-xs-0 brz-lh-xs-1_9 brz-css-sQw1U\" data-uniq-id=\"a7rW8\" data-generated-css=\"brz-css-hFjtI\"><span style=\"color: rgba(var(--brz-global-color2),1);\" class=\"brz-cp-color2\">CR Systemi projektijuhtimine tagab, et iga ehitusprojekt kulgeb planeeritult ja t\u00f5rgeteta. Meie kogenud projektijuhid koordineerivad k\u00f5iki t\u00f6\u00f6etappe, hoiavad kontrolli all eelarved ja t\u00e4htajad ning suhtlevad aktiivselt k\u00f5igi osapooltega, et tagada parim v\u00f5imalik tulemus. Keskendume lahendustele, mis vastavad nii kliendi ootustele kui ka k\u00f5rgetele kvaliteedistandarditele.<\/span><\/p>\n<\/div>\n<\/div>\n<\/div>\n<\/div>\n<\/div>\n<\/div>\n<\/div>\n<\/div>\n<\/div>\n<\/section>\n<section id=\"tooted\" data-brz-id=\"f96bDOMyrhoB_f96bDOMyrhoB\" class=\"brz-section brz-css-d-section brz-css-2wl503\">\n<div class=\"brz-section__content brz-section--boxed brz-css-d-sectionitem-bg brz-css-13wei70\" data-brz-custom-id=\"kBiV4vrsvqrw\">\n<div class=\"brz-bg\">\n<div class=\"brz-bg-image\"><\/div>\n<div class=\"brz-bg-color\"><\/div>\n<\/div>\n<div class=\"brz-container brz-css-d-sectionitem-container brz-css-1vymhmx\">\n<div class=\"brz-row__container brz-css-d-row-row brz-css-y9yq7n\" data-brz-custom-id=\"q2jpS8C_o37K\">\n<div class=\"brz-row brz-css-d-row-container brz-css-r-row-container brz-css-1ib2w3g\">\n<div class=\"brz-columns brz-css-d-column-column brz-css-xstco1\" data-brz-custom-id=\"pE_d0i5BKnBh\">\n<div class=\"brz-column__items brz-css-d-column-bg brz-css-1708qh3\">\n<div id=\"\" class=\"brz-css-d-wrapper brz-css-11qy5cm brz-wrapper\">\n<div class=\"brz-rich-text brz-rich-text__custom brz-css-d-richtext brz-css-1qhb2px\" data-brz-custom-id=\"iBjRMQdK40Zc\">\n<div data-brz-translate-text=\"1\">\n<h2 class=\"brz-tp-lg-heading2 brz-css-jWqcQ\" data-generated-css=\"brz-css-ht2eo\" data-uniq-id=\"sTNxJ\"><span style=\"color: rgba(var(--brz-global-color2),1);\" class=\"brz-cp-color2\">Meie tooted<\/span><\/h2>\n<\/div>\n<\/div>\n<\/div>\n<div id=\"\" class=\"brz-css-d-wrapper brz-css-1gzpi63 brz-wrapper\">\n<div class=\"brz-rich-text brz-rich-text__custom brz-css-d-richtext brz-css-1b65fa3\" data-brz-custom-id=\"crAIFiIk9cpL\">\n<div data-brz-translate-text=\"1\">\n<p class=\"brz-mb-xs-0 brz-mb-lg-20 brz-mb-sm-0 brz-text-xs-left brz-vfw-xs-400 brz-fwdth-xs-100 brz-fsft-xs-0 brz-tp-xs-empty brz-fs-xs-18 brz-fss-xs-px brz-fw-xs-400 brz-ls-xs-0 brz-lh-xs-1_9 brz-tp-lg-empty brz-ff-work_sans brz-ft-google brz-fs-lg-18 brz-fss-lg-px brz-fw-lg-400 brz-ls-lg-0 brz-lh-lg-1_9 brz-vfw-lg-400 brz-fwdth-lg-100 brz-fsft-lg-0 brz-css-uWUht\" data-uniq-id=\"mgB5y\" data-generated-css=\"brz-css-ms1aY\"><span class=\"brz-cp-color2 brz-span\" style=\"color: rgba(var(--brz-global-color2),1);\">Lisaks \u00fcldehitust\u00f6\u00f6dele ja spetsialiseeritud teraskonstruktsioonide paigaldamisele, valmistame ja m\u00fc\u00fcme ka kvaliteetseid metalltooteid linnaruumi ja t\u00f6\u00f6stuskeskkonna tarbeks. Meie tootevalikusse kuuluvad:<\/span><\/p>\n<ul>\n<li class=\"brz-mb-xs-0 brz-mb-lg-20 brz-tp-lg-empty brz-mb-sm-0 brz-text-xs-left brz-vfw-xs-400 brz-fwdth-xs-100 brz-fsft-xs-0 brz-tp-xs-empty brz-fs-xs-18 brz-fss-xs-px brz-fw-xs-400 brz-ls-xs-0 brz-lh-xs-1_9 brz-ff-work_sans brz-ft-google brz-fs-lg-18 brz-fss-lg-px brz-fw-lg-400 brz-ls-lg-0 brz-lh-lg-1_9 brz-vfw-lg-400 brz-fwdth-lg-100 brz-fsft-lg-0 brz-css-nX3mb\" data-uniq-id=\"kNy2z\" data-generated-css=\"brz-css-jJoCx\"><strong style=\"color: rgba(var(--brz-global-color2),1);\" class=\"brz-cp-color2\">Pollarid<\/strong><span class=\"brz-cp-color2\" style=\"color: rgba(var(--brz-global-color2),1);\"> \u2013 liikluskorralduseks ja objektide kaitseks<\/span><\/li>\n<li class=\"brz-mb-xs-0 brz-mb-lg-20 brz-tp-lg-empty brz-mb-sm-0 brz-text-xs-left brz-vfw-xs-400 brz-fwdth-xs-100 brz-fsft-xs-0 brz-tp-xs-empty brz-fs-xs-18 brz-fss-xs-px brz-fw-xs-400 brz-ls-xs-0 brz-lh-xs-1_9 brz-ff-work_sans brz-ft-google brz-fs-lg-18 brz-fss-lg-px brz-fw-lg-400 brz-ls-lg-0 brz-lh-lg-1_9 brz-vfw-lg-400 brz-fwdth-lg-100 brz-fsft-lg-0 brz-css-pzgsx\" data-uniq-id=\"pQhd1\" data-generated-css=\"brz-css-dVAaT\"><strong style=\"color: rgba(var(--brz-global-color2),1);\" class=\"brz-cp-color2\">P\u00f5rkepiirded<\/strong><span class=\"brz-cp-color2\" style=\"color: rgba(var(--brz-global-color2),1);\"> \u2013 ohutuse tagamiseks t\u00f6\u00f6stus- ja logistikakeskkondades<\/span><\/li>\n<li class=\"brz-mb-xs-0 brz-mb-lg-20 brz-tp-lg-empty brz-mb-sm-0 brz-text-xs-left brz-vfw-xs-400 brz-fwdth-xs-100 brz-fsft-xs-0 brz-tp-xs-empty brz-fs-xs-18 brz-fss-xs-px brz-fw-xs-400 brz-ls-xs-0 brz-lh-xs-1_9 brz-ff-work_sans brz-ft-google brz-fs-lg-18 brz-fss-lg-px brz-fw-lg-400 brz-ls-lg-0 brz-lh-lg-1_9 brz-vfw-lg-400 brz-fwdth-lg-100 brz-fsft-lg-0 brz-css-uLZEy\" data-uniq-id=\"vL5DI\" data-generated-css=\"brz-css-kMVAP\"><strong style=\"color: rgba(var(--brz-global-color2),1);\" class=\"brz-cp-color2\">Jalgrattahoidjad<\/strong><span class=\"brz-cp-color2\" style=\"color: rgba(var(--brz-global-color2),1);\"> \u2013 vastupidavad lahendused avalikku ruumi ja \u00e4ripindadele<\/span><\/li>\n<\/ul>\n<\/div>\n<\/div>\n<\/div>\n<div class=\"brz-wrapper-clone brz-flex-xs-wrap brz-css-d-cloneable brz-css-4nrjhh\" data-brz-custom-id=\"hgdE2sWY2IyX\"><a class=\"brz-a brz-btn brz-css-d-button brz-css-rvga53 brz-css-d-button-bg brz-css-4prvqa\" target=\"_self\" rel=\"noopener\" href=\"https:\/\/crsystem.ee\/tooted\/\" data-brz-link-type=\"page\" data-brz-custom-id=\"zhmshSVE2Zak\"><svg class=\"brz-icon-svg align-[initial] brz-css-d-button-icon brz-css-c4cfzk\"><use href=\"\/wp-content\/plugins\/brizy\/public\/editor-build\/prod\/editor\/icons\/glyph\/tail-right.svg#nc_icon\"><\/use><\/svg><span data-brz-translate-text=\"1\" class=\"brz-span brz-text__editor\">LOE LISA<\/span><\/a><\/div>\n<\/div>\n<\/div>\n<div class=\"brz-columns brz-css-d-column-column brz-css-7b7x2q\" data-brz-custom-id=\"d5wV1LPl3tUd\">\n<div class=\"brz-column__items brz-css-d-column-bg brz-css-1hdecc4\">\n<div id=\"\" class=\"brz-css-d-wrapper brz-css-18i9gdk brz-wrapper\">\n<div class=\"brz-image brz-css-d-image-vohjfevqzzn2-parent brz-css-r0uaxw\" data-brz-custom-id=\"vOhJFEvQZZN2\"><picture class=\"brz-picture brz-d-block brz-p-relative brz-css-d-image-vohjfevqzzn2-picture brz-css-31zix\"><source srcset=\"https:\/\/crsystem.ee\/wp-content\/uploads\/brizy\/imgs\/20241121_102105-scaled-562x562x4x0x555x562x1745839125.jpg 1x, https:\/\/crsystem.ee\/wp-content\/uploads\/brizy\/imgs\/20241121_102105-scaled-1124x1124x8x0x1110x1124x1745839125.jpg 2x\" media=\"(min-width: 992px)\"><source srcset=\"https:\/\/crsystem.ee\/wp-content\/uploads\/brizy\/imgs\/20241121_102105-scaled-354x354x0x0x354x354x1745839125.jpg 1x, https:\/\/crsystem.ee\/wp-content\/uploads\/brizy\/imgs\/20241121_102105-scaled-708x708x0x0x708x708x1745839125.jpg 2x\" media=\"(min-width: 768px)\"><img data-recalc-dims=\"1\" decoding=\"async\" class=\"brz-img\" srcset=\"https:\/\/crsystem.ee\/wp-content\/uploads\/brizy\/imgs\/20241121_102105-scaled-409x409x0x20x409x368x1745839125.jpg 1x, https:\/\/crsystem.ee\/wp-content\/uploads\/brizy\/imgs\/20241121_102105-scaled-818x818x0x40x818x736x1745839125.jpg 2x\" src=\"https:\/\/i0.wp.com\/crsystem.ee\/wp-content\/uploads\/brizy\/imgs\/20241121_102105-scaled-562x562x4x0x555x562x1745839125.jpg?w=1920&#038;ssl=1\" loading=\"lazy\" alt=\"CR System O\u00dc-jalgrattahoidjad\" title=\"CR System O\u00dc-jalgrattahoidjad\" draggable=\"false\"><\/picture><\/div>\n<\/div>\n<\/div>\n<\/div>\n<\/div>\n<\/div>\n<\/div>\n<\/div>\n<\/section><\/div>\n<p><!-- version:1777470314 --><\/p>\n","protected":false},"excerpt":{"rendered":"<p>Projektijuhtimine CR Systemi projektijuhtimine tagab, et iga ehitusprojekt kulgeb planeeritult ja t\u00f5rgeteta. Meie kogenud projektijuhid koordineerivad k\u00f5iki t\u00f6\u00f6etappe, hoiavad kontrolli all eelarved ja t\u00e4htajad ning suhtlevad aktiivselt k\u00f5igi osapooltega, et tagada parim v\u00f5imalik tulemus. Keskendume lahendustele, mis vastavad nii kliendi ootustele kui ka k\u00f5rgetele kvaliteedistandarditele. Meie tooted Lisaks \u00fcldehitust\u00f6\u00f6dele ja spetsialiseeritud teraskonstruktsioonide paigaldamisele, valmistame ja [&hellip;]<\/p>\n","protected":false},"author":1,"featured_media":614,"parent":0,"menu_order":0,"comment_status":"closed","ping_status":"closed","template":"brizy-blank-template.php","meta":{"iawp_total_views":437,"footnotes":""},"class_list":["post-11","page","type-page","status-publish","has-post-thumbnail","hentry"],"yoast_head":"<!-- This site is optimized with the Yoast SEO plugin v27.5 - https:\/\/yoast.com\/product\/yoast-seo-wordpress\/ -->\n<title>Esileht - CR System O&Uuml;<\/title>\n<meta name=\"description\" content=\"CR System pakub projektijuhtimist, teraskonstruktsioonide paigaldust ning valmistab pollareid, p\u00f5rkepiirdeid ja jalgrattahoidjaid.\" \/>\n<meta name=\"robots\" content=\"index, follow, max-snippet:-1, max-image-preview:large, max-video-preview:-1\" \/>\n<link rel=\"canonical\" href=\"https:\/\/crsystem.ee\/en\/\" \/>\n<meta property=\"og:locale\" content=\"en_GB\" \/>\n<meta property=\"og:type\" content=\"article\" \/>\n<meta property=\"og:title\" content=\"Esileht - CR System O&Uuml;\" \/>\n<meta property=\"og:description\" content=\"CR System pakub projektijuhtimist, teraskonstruktsioonide paigaldust ning valmistab pollareid, p\u00f5rkepiirdeid ja jalgrattahoidjaid.\" \/>\n<meta property=\"og:url\" content=\"https:\/\/crsystem.ee\/en\/\" \/>\n<meta property=\"og:site_name\" content=\"CR System O&Uuml;\" \/>\n<meta property=\"article:modified_time\" content=\"2026-04-29T13:45:14+00:00\" \/>\n<meta property=\"og:image\" content=\"https:\/\/crsystem.ee\/wp-content\/uploads\/2025\/06\/CR-System-OU-logo.png\" \/>\n\t<meta property=\"og:image:width\" content=\"2084\" \/>\n\t<meta property=\"og:image:height\" content=\"2084\" \/>\n\t<meta property=\"og:image:type\" content=\"image\/png\" \/>\n<meta name=\"twitter:card\" content=\"summary_large_image\" \/>\n<meta name=\"twitter:label1\" content=\"Estimated reading time\" \/>\n\t<meta name=\"twitter:data1\" content=\"2 minutes\" \/>\n<script type=\"application\/ld+json\" class=\"yoast-schema-graph\">{\"@context\":\"https:\\\/\\\/schema.org\",\"@graph\":[{\"@type\":\"WebPage\",\"@id\":\"https:\\\/\\\/crsystem.ee\\\/\",\"url\":\"https:\\\/\\\/crsystem.ee\\\/\",\"name\":\"Esileht - CR System O&Uuml;\",\"isPartOf\":{\"@id\":\"https:\\\/\\\/crsystem.ee\\\/#website\"},\"primaryImageOfPage\":{\"@id\":\"https:\\\/\\\/crsystem.ee\\\/#primaryimage\"},\"image\":{\"@id\":\"https:\\\/\\\/crsystem.ee\\\/#primaryimage\"},\"thumbnailUrl\":\"https:\\\/\\\/crsystem.ee\\\/wp-content\\\/uploads\\\/2025\\\/06\\\/CR-System-OU-logo.png\",\"datePublished\":\"2022-05-06T16:13:51+00:00\",\"dateModified\":\"2026-04-29T13:45:14+00:00\",\"description\":\"CR System pakub projektijuhtimist, teraskonstruktsioonide paigaldust ning valmistab pollareid, p\u00f5rkepiirdeid ja jalgrattahoidjaid.\",\"breadcrumb\":{\"@id\":\"https:\\\/\\\/crsystem.ee\\\/#breadcrumb\"},\"inLanguage\":\"en-GB\",\"potentialAction\":[{\"@type\":\"ReadAction\",\"target\":[\"https:\\\/\\\/crsystem.ee\\\/\"]}]},{\"@type\":\"ImageObject\",\"inLanguage\":\"en-GB\",\"@id\":\"https:\\\/\\\/crsystem.ee\\\/#primaryimage\",\"url\":\"https:\\\/\\\/crsystem.ee\\\/wp-content\\\/uploads\\\/2025\\\/06\\\/CR-System-OU-logo.png\",\"contentUrl\":\"https:\\\/\\\/crsystem.ee\\\/wp-content\\\/uploads\\\/2025\\\/06\\\/CR-System-OU-logo.png\",\"width\":2084,\"height\":2084,\"caption\":\"CR System O\u00dc\"},{\"@type\":\"BreadcrumbList\",\"@id\":\"https:\\\/\\\/crsystem.ee\\\/#breadcrumb\",\"itemListElement\":[{\"@type\":\"ListItem\",\"position\":1,\"name\":\"Home\",\"item\":\"https:\\\/\\\/crsystem.ee\\\/\"},{\"@type\":\"ListItem\",\"position\":2,\"name\":\"Esileht\"}]},{\"@type\":\"WebSite\",\"@id\":\"https:\\\/\\\/crsystem.ee\\\/#website\",\"url\":\"https:\\\/\\\/crsystem.ee\\\/\",\"name\":\"CR System O\u00dc\",\"description\":\"CR System - Teie usaldusv\u00e4\u00e4rne partner\",\"publisher\":{\"@id\":\"https:\\\/\\\/crsystem.ee\\\/#organization\"},\"potentialAction\":[{\"@type\":\"SearchAction\",\"target\":{\"@type\":\"EntryPoint\",\"urlTemplate\":\"https:\\\/\\\/crsystem.ee\\\/?s={search_term_string}\"},\"query-input\":{\"@type\":\"PropertyValueSpecification\",\"valueRequired\":true,\"valueName\":\"search_term_string\"}}],\"inLanguage\":\"en-GB\"},{\"@type\":\"Organization\",\"@id\":\"https:\\\/\\\/crsystem.ee\\\/#organization\",\"name\":\"CR System O\u00dc\",\"url\":\"https:\\\/\\\/crsystem.ee\\\/\",\"logo\":{\"@type\":\"ImageObject\",\"inLanguage\":\"en-GB\",\"@id\":\"https:\\\/\\\/crsystem.ee\\\/#\\\/schema\\\/logo\\\/image\\\/\",\"url\":\"https:\\\/\\\/crsystem.ee\\\/wp-content\\\/uploads\\\/2022\\\/05\\\/CR-System-logo-01.png\",\"contentUrl\":\"https:\\\/\\\/crsystem.ee\\\/wp-content\\\/uploads\\\/2022\\\/05\\\/CR-System-logo-01.png\",\"width\":2084,\"height\":753,\"caption\":\"CR System O\u00dc\"},\"image\":{\"@id\":\"https:\\\/\\\/crsystem.ee\\\/#\\\/schema\\\/logo\\\/image\\\/\"}}]}<\/script>\n<!-- \/ Yoast SEO plugin. -->","yoast_head_json":{"title":"Esileht - CR System O&Uuml;","description":"CR System pakub projektijuhtimist, teraskonstruktsioonide paigaldust ning valmistab pollareid, p\u00f5rkepiirdeid ja jalgrattahoidjaid.","robots":{"index":"index","follow":"follow","max-snippet":"max-snippet:-1","max-image-preview":"max-image-preview:large","max-video-preview":"max-video-preview:-1"},"canonical":"https:\/\/crsystem.ee\/en\/","og_locale":"en_GB","og_type":"article","og_title":"Esileht - CR System O&Uuml;","og_description":"CR System pakub projektijuhtimist, teraskonstruktsioonide paigaldust ning valmistab pollareid, p\u00f5rkepiirdeid ja jalgrattahoidjaid.","og_url":"https:\/\/crsystem.ee\/en\/","og_site_name":"CR System O&Uuml;","article_modified_time":"2026-04-29T13:45:14+00:00","og_image":[{"width":2084,"height":2084,"url":"https:\/\/crsystem.ee\/wp-content\/uploads\/2025\/06\/CR-System-OU-logo.png","type":"image\/png"}],"twitter_card":"summary_large_image","twitter_misc":{"Estimated reading time":"2 minutes"},"schema":{"@context":"https:\/\/schema.org","@graph":[{"@type":"WebPage","@id":"https:\/\/crsystem.ee\/","url":"https:\/\/crsystem.ee\/","name":"Esileht - CR System O&Uuml;","isPartOf":{"@id":"https:\/\/crsystem.ee\/#website"},"primaryImageOfPage":{"@id":"https:\/\/crsystem.ee\/#primaryimage"},"image":{"@id":"https:\/\/crsystem.ee\/#primaryimage"},"thumbnailUrl":"https:\/\/crsystem.ee\/wp-content\/uploads\/2025\/06\/CR-System-OU-logo.png","datePublished":"2022-05-06T16:13:51+00:00","dateModified":"2026-04-29T13:45:14+00:00","description":"CR System pakub projektijuhtimist, teraskonstruktsioonide paigaldust ning valmistab pollareid, p\u00f5rkepiirdeid ja jalgrattahoidjaid.","breadcrumb":{"@id":"https:\/\/crsystem.ee\/#breadcrumb"},"inLanguage":"en-GB","potentialAction":[{"@type":"ReadAction","target":["https:\/\/crsystem.ee\/"]}]},{"@type":"ImageObject","inLanguage":"en-GB","@id":"https:\/\/crsystem.ee\/#primaryimage","url":"https:\/\/crsystem.ee\/wp-content\/uploads\/2025\/06\/CR-System-OU-logo.png","contentUrl":"https:\/\/crsystem.ee\/wp-content\/uploads\/2025\/06\/CR-System-OU-logo.png","width":2084,"height":2084,"caption":"CR System O\u00dc"},{"@type":"BreadcrumbList","@id":"https:\/\/crsystem.ee\/#breadcrumb","itemListElement":[{"@type":"ListItem","position":1,"name":"Home","item":"https:\/\/crsystem.ee\/"},{"@type":"ListItem","position":2,"name":"Esileht"}]},{"@type":"WebSite","@id":"https:\/\/crsystem.ee\/#website","url":"https:\/\/crsystem.ee\/","name":"CR System O\u00dc","description":"CR System - Teie usaldusv\u00e4\u00e4rne partner","publisher":{"@id":"https:\/\/crsystem.ee\/#organization"},"potentialAction":[{"@type":"SearchAction","target":{"@type":"EntryPoint","urlTemplate":"https:\/\/crsystem.ee\/?s={search_term_string}"},"query-input":{"@type":"PropertyValueSpecification","valueRequired":true,"valueName":"search_term_string"}}],"inLanguage":"en-GB"},{"@type":"Organization","@id":"https:\/\/crsystem.ee\/#organization","name":"CR System O\u00dc","url":"https:\/\/crsystem.ee\/","logo":{"@type":"ImageObject","inLanguage":"en-GB","@id":"https:\/\/crsystem.ee\/#\/schema\/logo\/image\/","url":"https:\/\/crsystem.ee\/wp-content\/uploads\/2022\/05\/CR-System-logo-01.png","contentUrl":"https:\/\/crsystem.ee\/wp-content\/uploads\/2022\/05\/CR-System-logo-01.png","width":2084,"height":753,"caption":"CR System O\u00dc"},"image":{"@id":"https:\/\/crsystem.ee\/#\/schema\/logo\/image\/"}}]}},"jetpack_sharing_enabled":true,"brizy_media":[{"id":16,"url":"https:\/\/crsystem.ee\/wp-content\/uploads\/2022\/05\/8272b1f129962378f4b91a00b180c92d.jpg","name":"8272b1f129962378f4b91a00b180c92d.jpg","meta":{"brizy_attachment_uid":"8272b1f129962378f4b91a00b180c92d.jpg","brizy_post_uid":["a572f7128544d2137af3d0fe5b42a997"]}},{"id":17,"url":"https:\/\/crsystem.ee\/wp-content\/uploads\/2022\/05\/ee1d4ce827b4d21dfde80aae3b3d9453.jpg","name":"ee1d4ce827b4d21dfde80aae3b3d9453.jpg","meta":{"brizy_attachment_uid":"ee1d4ce827b4d21dfde80aae3b3d9453.jpg","brizy_post_uid":["a572f7128544d2137af3d0fe5b42a997"]}},{"id":24,"url":"https:\/\/crsystem.ee\/wp-content\/uploads\/2022\/05\/d8e50b46d2df993d583ad5d92b4a1c2e.png","name":"d8e50b46d2df993d583ad5d92b4a1c2e.png","meta":{"brizy_attachment_uid":"d8e50b46d2df993d583ad5d92b4a1c2e.png","brizy_post_uid":["a572f7128544d2137af3d0fe5b42a997"]}},{"id":28,"url":"https:\/\/crsystem.ee\/wp-content\/uploads\/2022\/05\/construction-silhouette-scaled.jpg","name":"construction-silhouette.jpg","meta":{"brizy_attachment_uid":"wp-75cfd8d9c40568918d3940e314e621f5.jpg","brizy_post_uid":["a572f7128544d2137af3d0fe5b42a997"]}},{"id":41,"url":"https:\/\/crsystem.ee\/wp-content\/uploads\/2022\/05\/CR-Sustem-logo-valged-tahed.png","name":"CR-Sustem-logo-valged-tahed.png","meta":{"brizy_attachment_uid":"wp-71613c2b25afde386079b5a73cb143a5.png","brizy_post_uid":["a572f7128544d2137af3d0fe5b42a997"]}},{"id":42,"url":"https:\/\/crsystem.ee\/wp-content\/uploads\/2022\/05\/CR-System-logo-01.png","name":"CR-System-logo-01.png","meta":{"brizy_attachment_uid":"wp-c6e7ca8ccbf4d5d0d07b2b4cd3fb5835.png","brizy_post_uid":["a572f7128544d2137af3d0fe5b42a997"]}},{"id":199,"url":"https:\/\/crsystem.ee\/wp-content\/uploads\/2025\/04\/IMG-314121e5fed05b632a755e52100d58ec-V.jpg","name":"IMG-314121e5fed05b632a755e52100d58ec-V.jpg","meta":{"brizy_attachment_uid":"wp-f4d87ef1cbdd1cbb9fd13f0f7a87e7c2.jpg","brizy_post_uid":["a572f7128544d2137af3d0fe5b42a997","b75af5e51d366eb56ea443b32fdb844e"]}},{"id":200,"url":"https:\/\/crsystem.ee\/wp-content\/uploads\/2025\/04\/IMG-fc461ecc0e646898696bede7649ae120-V.jpg","name":"IMG-fc461ecc0e646898696bede7649ae120-V.jpg","meta":{"brizy_attachment_uid":"wp-5857c7880d10bd0d1311c1bdab223978.jpg","brizy_post_uid":["a572f7128544d2137af3d0fe5b42a997","b75af5e51d366eb56ea443b32fdb844e"]}},{"id":201,"url":"https:\/\/crsystem.ee\/wp-content\/uploads\/2025\/04\/Unknown-scaled.jpeg","name":"Unknown.jpeg","meta":{"brizy_attachment_uid":"wp-dc29973f144085b6b768c94919dc69d6.jpeg","brizy_post_uid":["a572f7128544d2137af3d0fe5b42a997"]}},{"id":202,"url":"https:\/\/crsystem.ee\/wp-content\/uploads\/2025\/04\/20241121_102105-scaled.jpg","name":"20241121_102105.jpg","meta":{"brizy_attachment_uid":"wp-b6d76dfca4ab70cf5a44cc3b2b185ceb.jpg","brizy_post_uid":["a572f7128544d2137af3d0fe5b42a997","b75af5e51d366eb56ea443b32fdb844e"]}},{"id":203,"url":"https:\/\/crsystem.ee\/wp-content\/uploads\/2025\/04\/20241204_160441-scaled.jpg","name":"20241204_160441.jpg","meta":{"brizy_attachment_uid":"wp-237cb51a18b821e823816977a4e4c319.jpg","brizy_post_uid":["a572f7128544d2137af3d0fe5b42a997","e69aaa9fd4fc72abde7ccb097b0ba678"]}},{"id":204,"url":"https:\/\/crsystem.ee\/wp-content\/uploads\/2025\/04\/20250302_153759-scaled.jpg","name":"20250302_153759.jpg","meta":{"brizy_attachment_uid":"wp-8ac91fe6c9e7357d426a041da17d3912.jpg","brizy_post_uid":["a572f7128544d2137af3d0fe5b42a997"]}},{"id":205,"url":"https:\/\/crsystem.ee\/wp-content\/uploads\/2025\/04\/20250331_104457-scaled.jpg","name":"20250331_104457.jpg","meta":{"brizy_attachment_uid":"wp-22ed929c3fac26f776e3348d67d5ce5a.jpg","brizy_post_uid":["a572f7128544d2137af3d0fe5b42a997","b75af5e51d366eb56ea443b32fdb844e"]}},{"id":227,"url":"https:\/\/crsystem.ee\/wp-content\/uploads\/2025\/04\/Koduka-taust-kollane-kast-scaled-e1749840881285.jpg","name":"Koduka-taust-kollane-kast.jpg","meta":{"brizy_attachment_uid":"wp-479c58b60bd803525c2620c97eb7d6ea.jpg","brizy_post_uid":["a572f7128544d2137af3d0fe5b42a997"]}},{"id":403,"url":"https:\/\/crsystem.ee\/wp-content\/uploads\/2025\/06\/CR-system-taust-kollane-parem.jpg","name":"CR-system-taust-kollane-parem.jpg","meta":{"brizy_attachment_uid":"wp-af47222f24ebac566eb5b0db8ba5dced.jpg","brizy_post_uid":["a572f7128544d2137af3d0fe5b42a997","e69aaa9fd4fc72abde7ccb097b0ba678"]}},{"id":489,"url":"https:\/\/crsystem.ee\/wp-content\/uploads\/2025\/06\/CR-System-keevitus-scaled.jpg","name":"CR-System-keevitus.jpg","meta":{"brizy_attachment_uid":"wp-f485064fa91f49db7dcc9be91f48ee48.jpg","brizy_post_uid":["e69aaa9fd4fc72abde7ccb097b0ba678","a572f7128544d2137af3d0fe5b42a997","5596fd68d217a59cba5d7f194e7b4112"]}}],"_links":{"self":[{"href":"https:\/\/crsystem.ee\/en\/wp-json\/wp\/v2\/pages\/11","targetHints":{"allow":["GET"]}}],"collection":[{"href":"https:\/\/crsystem.ee\/en\/wp-json\/wp\/v2\/pages"}],"about":[{"href":"https:\/\/crsystem.ee\/en\/wp-json\/wp\/v2\/types\/page"}],"author":[{"embeddable":true,"href":"https:\/\/crsystem.ee\/en\/wp-json\/wp\/v2\/users\/1"}],"replies":[{"embeddable":true,"href":"https:\/\/crsystem.ee\/en\/wp-json\/wp\/v2\/comments?post=11"}],"version-history":[{"count":30,"href":"https:\/\/crsystem.ee\/en\/wp-json\/wp\/v2\/pages\/11\/revisions"}],"predecessor-version":[{"id":958,"href":"https:\/\/crsystem.ee\/en\/wp-json\/wp\/v2\/pages\/11\/revisions\/958"}],"wp:featuredmedia":[{"embeddable":true,"href":"https:\/\/crsystem.ee\/en\/wp-json\/wp\/v2\/media\/614"}],"wp:attachment":[{"href":"https:\/\/crsystem.ee\/en\/wp-json\/wp\/v2\/media?parent=11"}],"curies":[{"name":"wp","href":"https:\/\/api.w.org\/{rel}","templated":true}]}}